{"id":5345,"date":"2020-05-18T17:18:52","date_gmt":"2020-05-18T15:18:52","guid":{"rendered":"http:\/\/www.fdsea35.fr\/?page_id=5345"},"modified":"2026-04-17T15:32:05","modified_gmt":"2026-04-17T13:32:05","slug":"aides-a-lembauche","status":"publish","type":"page","link":"https:\/\/www.fdsea35.fr\/?page_id=5345","title":{"rendered":"Aides \u00e0 l&rsquo;Embauche"},"content":{"rendered":"<h1 style=\"text-align: left;\"><span style=\"font-family: Open Sans; font-size: 24px;\"><span style=\"color: #df3425;\">Vous recrutez ? B\u00e9n\u00e9ficiez de l&rsquo;aide \u00e0 l&#8217;embauche \u00ab\u00a0DEFI Emploi\u00a0\u00bb<\/span><\/span><\/h1>\n<p><strong>\u2714\ufe0f<\/strong><strong> Vos avantages<\/strong><\/p>\n<ul>\n<li>On vous aide \u00e0 construire le plan de formation sur mesure de votre nouveau salari\u00e9<\/li>\n<li>Vous assurez la formation interne \u00e0 votre exploitation<\/li>\n<li>Nous vous accompagnons dans les d\u00e9marches<\/li>\n<li>Vous b\u00e9n\u00e9ficiez d&rsquo;un financement OCAPIAT pour le temps de formation<\/li>\n<\/ul>\n<div class=\"lts_blocks lts_blocks_layout7  \"><br \/>\n<div class=\"lts_block  lt_rounded  \" style=\"background:#ffffff;color:#999999;\"><\/p>\n<p><span style=\"font-size: 14px; font-family: Open Sans; color: #df3425;\"><strong>Contact<\/strong>\u00a0:<\/span><\/p>\n<p><span style=\"font-family: Open Sans; font-size: 14px; color: #134a2c;\"><strong><em>Nicolas LE HOUEROU<\/em><\/strong><\/span><br \/>\n<span style=\"font-size: 14px; font-family: Open Sans; color: #134a2c;\">Charg\u00e9 de mission emploi formation<\/span><br \/>\n<span style=\"font-size: 14px; font-family: Open Sans; color: #134a2c;\"><i style=\"color:#134a2c;font-size:16px;width:16px;height:16px; \" class=\"fa fa-phone  icon_style_plain \"><\/i> 02.23.48.25.25<\/span><br \/>\n<span style=\"font-size: 14px; font-family: Open Sans; color: #134a2c;\"><a href=\"mailto:nicolas.lehourou@fdsea35.fr\">nlehouerou.fdsea35@reseaufnsea.fr<\/a><\/span><\/p>\n<p><\/div><\/p>\n<p><div class=\"lts_block  lt_rounded  \" style=\"background:#ffffff;color:#999999;\"><\/p>\n<p style=\"text-align: justify; padding-left: 80px;\"><span style=\"font-family: Open Sans; font-size: 14px;\"><strong>OCAPIAT<\/strong> (qui finance la formation professionnelle des salari\u00e9s agricoles) met en place DEFI EMPLOI, un dispositif d\u2019aide financi\u00e8re et technique qui permet aux entreprises de <strong>moins de 11 salari\u00e9s<\/strong> de recruter et former un salari\u00e9<strong> embauch\u00e9 en CDI ou en CDD de plus de 6 mois<\/strong> (hors contrats aid\u00e9s et contrats parents\/enfant). <\/span><\/p>\n<p style=\"text-align: justify; padding-left: 80px;\"><span style=\"font-family: Open Sans; font-size: 14px;\">Le dispositif cible le salari\u00e9 qui ne ma\u00eetrise pas tous les aspects du poste \u00e0 son arriv\u00e9e. L\u2019exploitant s\u2019engage \u00e0 former le salari\u00e9 en interne pour qu\u2019il puisse \u00eatre compl\u00e8tement op\u00e9rationnel sur le poste.<\/span><\/p>\n<p><img data-attachment-id=\"5353\" data-permalink=\"https:\/\/www.fdsea35.fr\/?attachment_id=5353\" data-orig-file=\"https:\/\/i2.wp.com\/www.fdsea35.fr\/wp-content\/uploads\/2020\/05\/Logo-OCAPIAT.jpg?fit=229%2C228&amp;ssl=1\" data-orig-size=\"229,228\" data-comments-opened=\"1\" data-image-meta=\"{&quot;aperture&quot;:&quot;0&quot;,&quot;credit&quot;:&quot;&quot;,&quot;camera&quot;:&quot;&quot;,&quot;caption&quot;:&quot;&quot;,&quot;created_timestamp&quot;:&quot;0&quot;,&quot;copyright&quot;:&quot;&quot;,&quot;focal_length&quot;:&quot;0&quot;,&quot;iso&quot;:&quot;0&quot;,&quot;shutter_speed&quot;:&quot;0&quot;,&quot;title&quot;:&quot;&quot;,&quot;orientation&quot;:&quot;0&quot;}\" data-image-title=\"Logo OCAPIAT\" data-image-description=\"\" data-medium-file=\"https:\/\/i2.wp.com\/www.fdsea35.fr\/wp-content\/uploads\/2020\/05\/Logo-OCAPIAT.jpg?fit=229%2C228&amp;ssl=1\" data-large-file=\"https:\/\/i2.wp.com\/www.fdsea35.fr\/wp-content\/uploads\/2020\/05\/Logo-OCAPIAT.jpg?fit=229%2C228&amp;ssl=1\" decoding=\"async\" loading=\"lazy\" class=\"wp-image-5353 aligncenter\" src=\"https:\/\/i2.wp.com\/www.fdsea35.fr\/wp-content\/uploads\/2020\/05\/Logo-OCAPIAT.jpg?resize=147%2C141\" alt=\"\" width=\"147\" height=\"141\" srcset=\"https:\/\/i2.wp.com\/www.fdsea35.fr\/wp-content\/uploads\/2020\/05\/Logo-OCAPIAT.jpg?zoom=2&amp;resize=147%2C141 294w, https:\/\/i2.wp.com\/www.fdsea35.fr\/wp-content\/uploads\/2020\/05\/Logo-OCAPIAT.jpg?zoom=3&amp;resize=147%2C141 441w\" sizes=\"(max-width: 147px) 100vw, 147px\" data-recalc-dims=\"1\" \/><\/p>\n<p><strong>Modalit\u00e9s<\/strong><\/p>\n<ul>\n<li><span style=\"font-family: Open Sans; font-size: 14px;\">Vous contactez la FDSEA (agr\u00e9\u00e9e via son centre de formation AGRI FORMATION) d\u00e8s la connaissance de votre embauche (dossier \u00e0 finaliser <strong>au plus tard 2 mois apr\u00e8s l\u2019embauche du salari\u00e9 recrut\u00e9<\/strong>)<\/span><\/li>\n<li><span style=\"font-family: Open Sans; font-size: 14px;\">La FDSEA vous aide \u00e0 structurer la <strong>grille de comp\u00e9tences<\/strong> n\u00e9cessaires pour occuper le poste et d\u00e9finir le <strong>plan de formation<\/strong> de 35 \u00e0 149 heures.<\/span><\/li>\n<li><span style=\"font-family: Open Sans; font-size: 14px;\">Vous assurez en interne dans votre entreprise la formation professionnelle du nouveau salari\u00e9 (ou tutorat assur\u00e9 par un autre salari\u00e9).<\/span><\/li>\n<li><span style=\"font-family: Open Sans; font-size: 14px;\">OCAPIAT participe financi\u00e8rement \u00e0 hauteur de <strong>350\u20ac \u00e0 1490\u20ac<\/strong>.<\/span><\/li>\n<\/ul>\n<p style=\"text-align: justify;\"><span style=\"font-family: Open Sans; font-size: 14px;\">A SAVOIR\u00a0: le dispositif DEFI MAINTIEN DANS L\u2019EMPLOI est aussi accessible en dehors d\u2019une embauche dans un contexte d\u2019al\u00e9as exceptionnels (crise climatique, difficult\u00e9 \u00e9conomique passag\u00e8re&#8230;) pour limiter les effets de baisses d\u2019activit\u00e9 ou d\u2019inactivit\u00e9.<\/span><\/p>\n<p><\/div><\/p>\n<p><div class=\"lts_block  lt_rounded  \" style=\"background:#ffffff;color:#999999;\"><\/div><\/p>\n<p><div class=\"lts_block  lt_rounded  \" style=\"background:#ffffff;color:#999999;\"><\/div><br \/>\n<\/div>\n","protected":false},"excerpt":{"rendered":"<p>Vous recrutez ? B\u00e9n\u00e9ficiez de l&rsquo;aide \u00e0 l&#8217;embauche \u00ab\u00a0DEFI Emploi\u00a0\u00bb \u2714\ufe0f Vos avantages On vous aide \u00e0 construire le plan de formation sur mesure de votre nouveau salari\u00e9 Vous assurez la formation interne \u00e0 votre exploitation Nous vous accompagnons dans les d\u00e9marches Vous b\u00e9n\u00e9ficiez d&rsquo;un financement OCAPIAT pour le temps de formation<\/p>\n","protected":false},"author":1,"featured_media":0,"parent":0,"menu_order":0,"comment_status":"closed","ping_status":"closed","template":"","meta":{"spay_email":""},"jetpack_sharing_enabled":true,"jetpack_shortlink":"https:\/\/wp.me\/Pa44lN-1od","jetpack-related-posts":[],"_links":{"self":[{"href":"https:\/\/www.fdsea35.fr\/index.php?rest_route=\/wp\/v2\/pages\/5345"}],"collection":[{"href":"https:\/\/www.fdsea35.fr\/index.php?rest_route=\/wp\/v2\/pages"}],"about":[{"href":"https:\/\/www.fdsea35.fr\/index.php?rest_route=\/wp\/v2\/types\/page"}],"author":[{"embeddable":true,"href":"https:\/\/www.fdsea35.fr\/index.php?rest_route=\/wp\/v2\/users\/1"}],"replies":[{"embeddable":true,"href":"https:\/\/www.fdsea35.fr\/index.php?rest_route=%2Fwp%2Fv2%2Fcomments&post=5345"}],"version-history":[{"count":20,"href":"https:\/\/www.fdsea35.fr\/index.php?rest_route=\/wp\/v2\/pages\/5345\/revisions"}],"predecessor-version":[{"id":6459,"href":"https:\/\/www.fdsea35.fr\/index.php?rest_route=\/wp\/v2\/pages\/5345\/revisions\/6459"}],"wp:attachment":[{"href":"https:\/\/www.fdsea35.fr\/index.php?rest_route=%2Fwp%2Fv2%2Fmedia&parent=5345"}],"curies":[{"name":"wp","href":"https:\/\/api.w.org\/{rel}","templated":true}]}}