{"id":5124,"date":"2019-11-28T17:15:06","date_gmt":"2019-11-28T16:15:06","guid":{"rendered":"http:\/\/www.fdsea35.fr\/?page_id=5124"},"modified":"2023-03-17T15:45:21","modified_gmt":"2023-03-17T14:45:21","slug":"communiques-de-presse-v2","status":"publish","type":"page","link":"https:\/\/www.fdsea35.fr\/?page_id=5124","title":{"rendered":"Communiqu\u00e9s de presse"},"content":{"rendered":"\t\t<div data-elementor-type=\"wp-post\" data-elementor-id=\"5124\" class=\"elementor elementor-5124\" data-elementor-settings=\"[]\">\n\t\t\t<div class=\"elementor-inner\">\n\t\t\t\t<div class=\"elementor-section-wrap\">\n\t\t\t\t\t\t\t<section class=\"elementor-element elementor-element-fae85fd elementor-section-boxed elementor-section-height-default elementor-section-height-default elementor-section elementor-top-section\" data-id=\"fae85fd\" data-element_type=\"section\">\n\t\t\t\t\t\t<div class=\"elementor-container elementor-column-gap-default\">\n\t\t\t\t<div class=\"elementor-row\">\n\t\t\t\t<div class=\"elementor-element elementor-element-31c7f8e elementor-column elementor-col-100 elementor-top-column\" data-id=\"31c7f8e\" data-element_type=\"column\">\n\t\t\t<div class=\"elementor-column-wrap  elementor-element-populated\">\n\t\t\t\t\t<div class=\"elementor-widget-wrap\">\n\t\t\t\t<div class=\"elementor-element elementor-element-ff1c5d6 elementor-tabs-view-horizontal elementor-widget elementor-widget-tabs\" data-id=\"ff1c5d6\" data-element_type=\"widget\" data-widget_type=\"tabs.default\">\n\t\t\t\t<div class=\"elementor-widget-container\">\n\t\t\t\t\t<div class=\"elementor-tabs\" role=\"tablist\">\n\t\t\t<div class=\"elementor-tabs-wrapper\">\n\t\t\t\t\t\t\t\t\t<div id=\"elementor-tab-title-2671\" class=\"elementor-tab-title elementor-tab-desktop-title\" data-tab=\"1\" role=\"tab\" aria-controls=\"elementor-tab-content-2671\"><a href=\"\">2022<\/a><\/div>\n\t\t\t\t\t\t\t\t\t<div id=\"elementor-tab-title-2672\" class=\"elementor-tab-title elementor-tab-desktop-title\" data-tab=\"2\" role=\"tab\" aria-controls=\"elementor-tab-content-2672\"><a href=\"\">2021<\/a><\/div>\n\t\t\t\t\t\t\t\t\t<div id=\"elementor-tab-title-2673\" class=\"elementor-tab-title elementor-tab-desktop-title\" data-tab=\"3\" role=\"tab\" aria-controls=\"elementor-tab-content-2673\"><a href=\"\">2020<\/a><\/div>\n\t\t\t\t\t\t\t<\/div>\n\t\t\t<div class=\"elementor-tabs-content-wrapper\">\n\t\t\t\t\t\t\t\t\t<div class=\"elementor-tab-title elementor-tab-mobile-title\" data-tab=\"1\" role=\"tab\">2022<\/div>\n\t\t\t\t\t<div id=\"elementor-tab-content-2671\" class=\"elementor-tab-content elementor-clearfix\" data-tab=\"1\" role=\"tabpanel\" aria-labelledby=\"elementor-tab-title-2671\"><ul><li><a href=\"https:\/\/drive.google.com\/file\/d\/1lbhZfO1ouse293wNIsVSlw9WZkYNSST1\/view?usp=share_link\">30\/05\/22 : \u00c9lections l\u00e9gislatives : porter la voix des agriculteurs<\/a><\/li><li><a href=\"https:\/\/drive.google.com\/file\/d\/1lr-ormnPsfJMglen6MLwCI_qePEWKIgY\/view?usp=share_link\">20\/06\/22 : \u00c9lections l\u00e9gislatives : f\u00e9licitations aux \u00e9lus<\/a><\/li><li><a href=\"https:\/\/drive.google.com\/file\/d\/1IxJocU_spToh_KBILnHDPm7NA_aXcXMS\/view?usp=share_link\">26\/07\/22 : Prix du lait : prenons exemple sur nos voisins<\/a><\/li><li><a href=\"https:\/\/drive.google.com\/file\/d\/1D9pmAIdvzaXz716nNX0sKU57YU_0dqNE\/view?usp=share_link\">04\/08\/22 : Fourrage, priorit\u00e9 \u00e0 l&rsquo;\u00e9levage<\/a><\/li><\/ul><\/div>\n\t\t\t\t\t\t\t\t\t<div class=\"elementor-tab-title elementor-tab-mobile-title\" data-tab=\"2\" role=\"tab\">2021<\/div>\n\t\t\t\t\t<div id=\"elementor-tab-content-2672\" class=\"elementor-tab-content elementor-clearfix\" data-tab=\"2\" role=\"tabpanel\" aria-labelledby=\"elementor-tab-title-2672\"><ul><li><a href=\"https:\/\/drive.google.com\/file\/d\/1F-qcoOagAItagO616cEQ3fvPonwmsIfO\/view?usp=sharing\" target=\"_blank\" rel=\"noopener\">21\/07\/2021 &#8211; FRSEA Bretagne : L&rsquo;agriculture bretonne de production : Encens\u00e9e par le ministre, mais mise \u00e0 mal par la r\u00e9forme de la PAC !<\/a><\/li><li><a href=\"https:\/\/drive.google.com\/file\/d\/1mIDzMT_lr7B6Ky33kWZbQ-QIp6A79Wgc\/view?usp=sharing\" target=\"_blank\" rel=\"noopener\">08\/06\/2021 &#8211; FRSEA\/JA Bretagne : JA et FRSEA Bretagne \u00e9changent sur l&rsquo;agriculture avec les listes aux \u00e9lections r\u00e9gionales<\/a><\/li><li><a href=\"https:\/\/drive.google.com\/file\/d\/1FePGzhlKCASzKW4KleA0ag166YbFxMpB\/view?usp=sharing\" target=\"_blank\" rel=\"noopener\">13\/04\/2021 &#8211; FDSEA35 : Lettre ouverte SIE-PAC, le sentiment d&rsquo;\u00eatre m\u00e9pris\u00e9s !<\/a><\/li><li><a href=\"https:\/\/drive.google.com\/file\/d\/1kgmiVaV-otPxRglJ99JrdrU2jI9cbyfS\/view?usp=sharing\" target=\"_blank\" rel=\"noopener\">30\/03\/2021 &#8211; FDSEA 35 : Les agriculteurs surveillent les prix en magasin et attendent le retour de la valeur dans leurs fermes<\/a><\/li><li><a href=\"https:\/\/drive.google.com\/file\/d\/1ytZHXyXzMoTqCFvfgtjg2va1MZ4fo39E\/view?usp=sharing\" target=\"_blank\" rel=\"noopener\">19\/03\/2021 &#8211; FDSEA 35 : Stop aux prix abusivement bas : Maintenant c&rsquo;est tol\u00e9rance z\u00e9ro !<\/a><\/li><li><a href=\"https:\/\/drive.google.com\/file\/d\/1MEBdS04AT1druFZJr0VI66tLZunagW_C\/view?usp=sharing\" target=\"_blank\" rel=\"noopener\">19\/01\/2021 &#8211; FDSEA\/JA 35 : N\u00e9gociations commerciales : pour une juste r\u00e9mun\u00e9ration des agriculteurs<\/a><\/li><\/ul><\/div>\n\t\t\t\t\t\t\t\t\t<div class=\"elementor-tab-title elementor-tab-mobile-title\" data-tab=\"3\" role=\"tab\">2020<\/div>\n\t\t\t\t\t<div id=\"elementor-tab-content-2673\" class=\"elementor-tab-content elementor-clearfix\" data-tab=\"3\" role=\"tabpanel\" aria-labelledby=\"elementor-tab-title-2673\"><ul><li><a href=\"http:\/\/www.fdsea35.fr\/wp-content\/uploads\/2020\/06\/20200616_CP-FRSEA-_-Covid-19-agriculture_FDSEA35.pdf\" target=\"_blank\" rel=\"noopener\">16\/06\/2020 &#8211; FRSEA Bretagne : Face \u00e0 la crise du covid-19, les agriculteurs bretons ont tenu&#8230;Mais \u00e0 quel prix ?<\/a><\/li><li><a href=\"https:\/\/drive.google.com\/open?id=1vH0Fcws9vu8HSCpiiB219bYuKy4QICMW\" target=\"_blank\" rel=\"noopener\">\u00a008\/04\/2020 &#8211; FDSEA\/JA35\/Chambre d&rsquo;agriculture 35 : Les agriculteurs travaillent pour garantir l&rsquo;approvisionnement alimentaire<\/a><\/li><li><a href=\"https:\/\/drive.google.com\/open?id=10bADTlSHMaQrvL44CI_kH-bWSEiu27u6\" target=\"_blank\" rel=\"noopener\">\u00a022\/03\/2020 &#8211; FRSEA\/JA Bretagne\/Chambre d&rsquo;agriculture Bretagne : Covid-19 : la solidarit\u00e9 est n\u00e9cessaire pour continuer \u00e0 nourrir les citoyens !<\/a><\/li><li>\u00a0<a href=\"https:\/\/drive.google.com\/file\/d\/18BINdBcrm42ameYGtEhPNNA1sC_WF-f9\/view\" target=\"_blank\" rel=\"noopener\">31\/01\/2020 &#8211; FRSEA Bretagne : Les militants extremistes ne sont pas des lanceurs d&rsquo;alerte !<\/a><\/li><\/ul><\/div>\n\t\t\t\t\t\t\t<\/div>\n\t\t<\/div>\n\t\t\t\t<\/div>\n\t\t\t\t<\/div>\n\t\t\t\t<div class=\"elementor-element elementor-element-5a7a876 elementor-widget elementor-widget-text-editor\" data-id=\"5a7a876\" data-element_type=\"widget\" data-widget_type=\"text-editor.default\">\n\t\t\t\t<div class=\"elementor-widget-container\">\n\t\t\t\t\t<div class=\"elementor-text-editor elementor-clearfix\"><p><a href=\"https:\/\/www.fnsea.fr\/communiques-de-presse\/\" target=\"_blank\" rel=\"noopener\">\u2714 Retrouvez l&rsquo;ensemble des communiqu\u00e9s de presse de la FNSEA<\/a><\/p><\/div>\n\t\t\t\t<\/div>\n\t\t\t\t<\/div>\n\t\t\t\t\t\t<\/div>\n\t\t\t<\/div>\n\t\t<\/div>\n\t\t\t\t\t\t<\/div>\n\t\t\t<\/div>\n\t\t<\/section>\n\t\t\t\t\t\t<\/div>\n\t\t\t<\/div>\n\t\t<\/div>\n\t\t","protected":false},"excerpt":{"rendered":"<p>2022 2021 2020 2022 30\/05\/22 : \u00c9lections l\u00e9gislatives : porter la voix des agriculteurs 20\/06\/22 : \u00c9lections l\u00e9gislatives : f\u00e9licitations aux \u00e9lus 26\/07\/22 : Prix du lait : prenons exemple sur nos voisins 04\/08\/22 : Fourrage, priorit\u00e9 \u00e0 l&rsquo;\u00e9levage 2021 21\/07\/2021 &#8211; FRSEA Bretagne : L&rsquo;agriculture bretonne de production : Encens\u00e9e par le ministre, mais<br \/><a class=\"moretag\" href=\"https:\/\/www.fdsea35.fr\/?page_id=5124\">+ Lire Plus<\/a><\/p>\n","protected":false},"author":1,"featured_media":0,"parent":188,"menu_order":0,"comment_status":"closed","ping_status":"closed","template":"","meta":{"spay_email":""},"jetpack_sharing_enabled":true,"jetpack_shortlink":"https:\/\/wp.me\/Pa44lN-1kE","jetpack-related-posts":[],"_links":{"self":[{"href":"https:\/\/www.fdsea35.fr\/index.php?rest_route=\/wp\/v2\/pages\/5124"}],"collection":[{"href":"https:\/\/www.fdsea35.fr\/index.php?rest_route=\/wp\/v2\/pages"}],"about":[{"href":"https:\/\/www.fdsea35.fr\/index.php?rest_route=\/wp\/v2\/types\/page"}],"author":[{"embeddable":true,"href":"https:\/\/www.fdsea35.fr\/index.php?rest_route=\/wp\/v2\/users\/1"}],"replies":[{"embeddable":true,"href":"https:\/\/www.fdsea35.fr\/index.php?rest_route=%2Fwp%2Fv2%2Fcomments&post=5124"}],"version-history":[{"count":26,"href":"https:\/\/www.fdsea35.fr\/index.php?rest_route=\/wp\/v2\/pages\/5124\/revisions"}],"predecessor-version":[{"id":6096,"href":"https:\/\/www.fdsea35.fr\/index.php?rest_route=\/wp\/v2\/pages\/5124\/revisions\/6096"}],"up":[{"embeddable":true,"href":"https:\/\/www.fdsea35.fr\/index.php?rest_route=\/wp\/v2\/pages\/188"}],"wp:attachment":[{"href":"https:\/\/www.fdsea35.fr\/index.php?rest_route=%2Fwp%2Fv2%2Fmedia&parent=5124"}],"curies":[{"name":"wp","href":"https:\/\/api.w.org\/{rel}","templated":true}]}}