{"id":363,"date":"2017-09-06T09:02:16","date_gmt":"2017-09-06T09:02:16","guid":{"rendered":"http:\/\/www.fdsea56.fr\/?page_id=363"},"modified":"2019-11-28T11:15:15","modified_gmt":"2019-11-28T10:15:15","slug":"presentation","status":"publish","type":"page","link":"https:\/\/www.fdsea35.fr\/?page_id=363","title":{"rendered":"Pr\u00e9sentation"},"content":{"rendered":"\t\t<div data-elementor-type=\"wp-post\" data-elementor-id=\"363\" class=\"elementor elementor-363 elementor-bc-flex-widget\" data-elementor-settings=\"[]\">\n\t\t\t<div class=\"elementor-inner\">\n\t\t\t\t<div class=\"elementor-section-wrap\">\n\t\t\t\t\t\t\t<section class=\"elementor-element elementor-element-39d957b0 elementor-section-boxed elementor-section-height-default elementor-section-height-default elementor-section elementor-top-section\" data-id=\"39d957b0\" data-element_type=\"section\">\n\t\t\t\t\t\t<div class=\"elementor-container elementor-column-gap-default\">\n\t\t\t\t<div class=\"elementor-row\">\n\t\t\t\t<div class=\"elementor-element elementor-element-59da2444 elementor-column elementor-col-100 elementor-top-column\" data-id=\"59da2444\" data-element_type=\"column\">\n\t\t\t<div class=\"elementor-column-wrap  elementor-element-populated\">\n\t\t\t\t\t<div class=\"elementor-widget-wrap\">\n\t\t\t\t<div class=\"elementor-element elementor-element-12df9c0 elementor-widget elementor-widget-heading\" data-id=\"12df9c0\" data-element_type=\"widget\" data-widget_type=\"heading.default\">\n\t\t\t\t<div class=\"elementor-widget-container\">\n\t\t\t<h2 class=\"elementor-heading-title elementor-size-default\">La Force d'un r\u00e9seau pour les Agriculteurs...<\/h2>\t\t<\/div>\n\t\t\t\t<\/div>\n\t\t\t\t\t\t<\/div>\n\t\t\t<\/div>\n\t\t<\/div>\n\t\t\t\t\t\t<\/div>\n\t\t\t<\/div>\n\t\t<\/section>\n\t\t\t\t<section class=\"elementor-element elementor-element-28edb44 elementor-section-boxed elementor-section-height-default elementor-section-height-default elementor-section elementor-top-section\" data-id=\"28edb44\" data-element_type=\"section\">\n\t\t\t\t\t\t<div class=\"elementor-container elementor-column-gap-default\">\n\t\t\t\t<div class=\"elementor-row\">\n\t\t\t\t<div class=\"elementor-element elementor-element-8a85213 elementor-column elementor-col-33 elementor-top-column\" data-id=\"8a85213\" data-element_type=\"column\">\n\t\t\t<div class=\"elementor-column-wrap  elementor-element-populated\">\n\t\t\t\t\t<div class=\"elementor-widget-wrap\">\n\t\t\t\t<div class=\"elementor-element elementor-element-1eb17ba elementor-widget elementor-widget-text-editor\" data-id=\"1eb17ba\" data-element_type=\"widget\" data-widget_type=\"text-editor.default\">\n\t\t\t\t<div class=\"elementor-widget-container\">\n\t\t\t\t\t<div class=\"elementor-text-editor elementor-clearfix\"><div style=\"text-align: justify;\">La <span style=\"color: #df3425;\"><strong>F\u00e9d\u00e9ration D\u00e9partementale des Syndicats d\u2019Exploitants Agricoles d\u2019Ille-et-Vilaine<\/strong><\/span> (FDSEA) est un syndicat agricole cr\u00e9\u00e9 en 1947.<\/div><div>\u00a0<\/div><div style=\"text-align: justify;\">Il assure la repr\u00e9sentation et la d\u00e9fense des int\u00e9r\u00eats des agricultrices et agriculteurs. C\u2019est le syndicat majoritaire dans la profession agricole du d\u00e9partement. Avec son r\u00e9seau de syndicats locaux, la FDSEA est pr\u00e9sent dans chaque canton, chaque commune.<\/div><div>\u00a0<\/div><\/div>\n\t\t\t\t<\/div>\n\t\t\t\t<\/div>\n\t\t\t\t\t\t<\/div>\n\t\t\t<\/div>\n\t\t<\/div>\n\t\t\t\t<div class=\"elementor-element elementor-element-ce76f9e elementor-column elementor-col-33 elementor-top-column\" data-id=\"ce76f9e\" data-element_type=\"column\">\n\t\t\t<div class=\"elementor-column-wrap\">\n\t\t\t\t\t<div class=\"elementor-widget-wrap\">\n\t\t\t\t\t\t<\/div>\n\t\t\t<\/div>\n\t\t<\/div>\n\t\t\t\t<div class=\"elementor-element elementor-element-4f0bd45 elementor-column elementor-col-33 elementor-top-column\" data-id=\"4f0bd45\" data-element_type=\"column\">\n\t\t\t<div class=\"elementor-column-wrap  elementor-element-populated\">\n\t\t\t\t\t<div class=\"elementor-widget-wrap\">\n\t\t\t\t<div class=\"elementor-element elementor-element-e5ee9d3 elementor-widget elementor-widget-text-editor\" data-id=\"e5ee9d3\" data-element_type=\"widget\" data-widget_type=\"text-editor.default\">\n\t\t\t\t<div class=\"elementor-widget-container\">\n\t\t\t\t\t<div class=\"elementor-text-editor elementor-clearfix\"><div style=\"text-align: justify;\">La FDSEA est constitu\u00e9e de femmes et d\u2019hommes qui partagent les valeurs de mutualisme, de solidarit\u00e9, d\u2019\u00e9quit\u00e9 et d\u2019esprit d\u2019entreprise et qui se sentent concern\u00e9s par l\u2019avenir de l\u2019agriculture. Ensembles, ils \u0153uvrent pour :<\/div><ul><li style=\"text-align: justify;\">La d\u00e9fense collective et individuelle des int\u00e9r\u00eats des agriculteurs et de l\u2019agriculture,<\/li><li style=\"text-align: justify;\">Leur repr\u00e9sentation aupr\u00e8s des pouvoirs publics, des institutions et des \u00e9lus politiques,<\/li><li>L\u2019information et la formation.<\/li><\/ul><\/div>\n\t\t\t\t<\/div>\n\t\t\t\t<\/div>\n\t\t\t\t\t\t<\/div>\n\t\t\t<\/div>\n\t\t<\/div>\n\t\t\t\t\t\t<\/div>\n\t\t\t<\/div>\n\t\t<\/section>\n\t\t\t\t<section class=\"elementor-element elementor-element-bc0b10a elementor-section-boxed elementor-section-height-default elementor-section-height-default elementor-section elementor-top-section\" data-id=\"bc0b10a\" data-element_type=\"section\">\n\t\t\t\t\t\t<div class=\"elementor-container elementor-column-gap-default\">\n\t\t\t\t<div class=\"elementor-row\">\n\t\t\t\t<div class=\"elementor-element elementor-element-59682ac elementor-column elementor-col-100 elementor-top-column\" data-id=\"59682ac\" data-element_type=\"column\">\n\t\t\t<div class=\"elementor-column-wrap\">\n\t\t\t\t\t<div class=\"elementor-widget-wrap\">\n\t\t\t\t\t\t<\/div>\n\t\t\t<\/div>\n\t\t<\/div>\n\t\t\t\t\t\t<\/div>\n\t\t\t<\/div>\n\t\t<\/section>\n\t\t\t\t<section class=\"elementor-element elementor-element-d488d50 elementor-section-boxed elementor-section-height-default elementor-section-height-default elementor-section elementor-top-section\" data-id=\"d488d50\" data-element_type=\"section\">\n\t\t\t\t\t\t<div class=\"elementor-container elementor-column-gap-default\">\n\t\t\t\t<div class=\"elementor-row\">\n\t\t\t\t<div class=\"elementor-element elementor-element-07770ae elementor-column elementor-col-50 elementor-top-column\" data-id=\"07770ae\" data-element_type=\"column\">\n\t\t\t<div class=\"elementor-column-wrap  elementor-element-populated\">\n\t\t\t\t\t<div class=\"elementor-widget-wrap\">\n\t\t\t\t<div class=\"elementor-element elementor-element-e148d3a elementor-widget elementor-widget-text-editor\" data-id=\"e148d3a\" data-element_type=\"widget\" data-widget_type=\"text-editor.default\">\n\t\t\t\t<div class=\"elementor-widget-container\">\n\t\t\t\t\t<div class=\"elementor-text-editor elementor-clearfix\"><div style=\"text-align: justify;\">Malgr\u00e9 sa grande diversit\u00e9, le syndicalisme a des valeurs communes. Il s&rsquo;inscrit dans le vaste mouvement mutualiste n\u00e9 de la volont\u00e9 des hommes \u00e0 s&rsquo;unir et \u00e0 se d\u00e9fendre collectivement. Les syndicats professionnels fran\u00e7ais tirent leur existence l\u00e9gale de la loi du 21 mars 1884 qui leur assigne un objet : \u00ab\u00a0 l&rsquo;\u00e9tude et la d\u00e9fense des droits ainsi que des int\u00e9r\u00eats mat\u00e9riels et moraux, tant collectifs qu&rsquo;individuels, des personnes vis\u00e9es par leurs statuts \u00bb (art. L.41 1 -1 du Code du Travail).<\/div><div style=\"text-align: justify;\">L&rsquo;organisation de notre d\u00e9mocratie est bas\u00e9e sur les corps constitu\u00e9s dont le syndicalisme fait partie.<\/div><\/div>\n\t\t\t\t<\/div>\n\t\t\t\t<\/div>\n\t\t\t\t\t\t<\/div>\n\t\t\t<\/div>\n\t\t<\/div>\n\t\t\t\t<div class=\"elementor-element elementor-element-463aa81 elementor-column elementor-col-50 elementor-top-column\" data-id=\"463aa81\" data-element_type=\"column\">\n\t\t\t<div class=\"elementor-column-wrap  elementor-element-populated\">\n\t\t\t\t\t<div class=\"elementor-widget-wrap\">\n\t\t\t\t<div class=\"elementor-element elementor-element-8c1d11f elementor-widget elementor-widget-image\" data-id=\"8c1d11f\" data-element_type=\"widget\" data-widget_type=\"image.default\">\n\t\t\t\t<div class=\"elementor-widget-container\">\n\t\t\t\t\t<div class=\"elementor-image\">\n\t\t\t\t\t\t\t\t\t\t<img width=\"1024\" height=\"685\" src=\"https:\/\/i1.wp.com\/www.fdsea35.fr\/wp-content\/uploads\/2018\/06\/5-photo-illustration-manif-GMS-1.jpg?fit=1024%2C685&amp;ssl=1\" class=\"attachment-large size-large\" alt=\"\" decoding=\"async\" loading=\"lazy\" srcset=\"https:\/\/i1.wp.com\/www.fdsea35.fr\/wp-content\/uploads\/2018\/06\/5-photo-illustration-manif-GMS-1.jpg?w=3872&amp;ssl=1 3872w, https:\/\/i1.wp.com\/www.fdsea35.fr\/wp-content\/uploads\/2018\/06\/5-photo-illustration-manif-GMS-1.jpg?resize=300%2C201&amp;ssl=1 300w, https:\/\/i1.wp.com\/www.fdsea35.fr\/wp-content\/uploads\/2018\/06\/5-photo-illustration-manif-GMS-1.jpg?resize=768%2C514&amp;ssl=1 768w, https:\/\/i1.wp.com\/www.fdsea35.fr\/wp-content\/uploads\/2018\/06\/5-photo-illustration-manif-GMS-1.jpg?resize=1024%2C685&amp;ssl=1 1024w, https:\/\/i1.wp.com\/www.fdsea35.fr\/wp-content\/uploads\/2018\/06\/5-photo-illustration-manif-GMS-1.jpg?w=2000 2000w, https:\/\/i1.wp.com\/www.fdsea35.fr\/wp-content\/uploads\/2018\/06\/5-photo-illustration-manif-GMS-1.jpg?w=3000 3000w\" sizes=\"(max-width: 1000px) 100vw, 1000px\" data-attachment-id=\"1161\" data-permalink=\"https:\/\/www.fdsea35.fr\/?attachment_id=1161\" data-orig-file=\"https:\/\/i1.wp.com\/www.fdsea35.fr\/wp-content\/uploads\/2018\/06\/5-photo-illustration-manif-GMS-1.jpg?fit=3872%2C2592&amp;ssl=1\" data-orig-size=\"3872,2592\" data-comments-opened=\"1\" data-image-meta=\"{&quot;aperture&quot;:&quot;4.8&quot;,&quot;credit&quot;:&quot;&quot;,&quot;camera&quot;:&quot;NIKON D3000&quot;,&quot;caption&quot;:&quot;&quot;,&quot;created_timestamp&quot;:&quot;1507136345&quot;,&quot;copyright&quot;:&quot;&quot;,&quot;focal_length&quot;:&quot;32&quot;,&quot;iso&quot;:&quot;200&quot;,&quot;shutter_speed&quot;:&quot;0.033333333333333&quot;,&quot;title&quot;:&quot;&quot;,&quot;orientation&quot;:&quot;1&quot;}\" data-image-title=\"5-photo illustration manif GMS\" data-image-description=\"\" data-medium-file=\"https:\/\/i1.wp.com\/www.fdsea35.fr\/wp-content\/uploads\/2018\/06\/5-photo-illustration-manif-GMS-1.jpg?fit=300%2C201&amp;ssl=1\" data-large-file=\"https:\/\/i1.wp.com\/www.fdsea35.fr\/wp-content\/uploads\/2018\/06\/5-photo-illustration-manif-GMS-1.jpg?fit=1024%2C685&amp;ssl=1\" \/>\t\t\t\t\t\t\t\t\t\t\t<\/div>\n\t\t\t\t<\/div>\n\t\t\t\t<\/div>\n\t\t\t\t\t\t<\/div>\n\t\t\t<\/div>\n\t\t<\/div>\n\t\t\t\t\t\t<\/div>\n\t\t\t<\/div>\n\t\t<\/section>\n\t\t\t\t<section class=\"elementor-element elementor-element-871d6b1 elementor-section-boxed elementor-section-height-default elementor-section-height-default elementor-section elementor-top-section\" data-id=\"871d6b1\" data-element_type=\"section\">\n\t\t\t\t\t\t<div class=\"elementor-container elementor-column-gap-default\">\n\t\t\t\t<div class=\"elementor-row\">\n\t\t\t\t<div class=\"elementor-element elementor-element-a2338b8 elementor-column elementor-col-100 elementor-top-column\" data-id=\"a2338b8\" data-element_type=\"column\">\n\t\t\t<div class=\"elementor-column-wrap\">\n\t\t\t\t\t<div class=\"elementor-widget-wrap\">\n\t\t\t\t\t\t<\/div>\n\t\t\t<\/div>\n\t\t<\/div>\n\t\t\t\t\t\t<\/div>\n\t\t\t<\/div>\n\t\t<\/section>\n\t\t\t\t\t\t<\/div>\n\t\t\t<\/div>\n\t\t<\/div>\n\t\t","protected":false},"excerpt":{"rendered":"<p>La Force d&rsquo;un r\u00e9seau pour les Agriculteurs&#8230; La F\u00e9d\u00e9ration D\u00e9partementale des Syndicats d\u2019Exploitants Agricoles d\u2019Ille-et-Vilaine (FDSEA) est un syndicat agricole cr\u00e9\u00e9 en 1947.&nbsp;Il assure la repr\u00e9sentation et la d\u00e9fense des int\u00e9r\u00eats des agricultrices et agriculteurs. C\u2019est le syndicat majoritaire dans la profession agricole du d\u00e9partement. Avec son r\u00e9seau de syndicats locaux, la FDSEA est pr\u00e9sent<br \/><a class=\"moretag\" href=\"https:\/\/www.fdsea35.fr\/?page_id=363\">+ Lire Plus<\/a><\/p>\n","protected":false},"author":1,"featured_media":0,"parent":0,"menu_order":0,"comment_status":"closed","ping_status":"closed","template":"template_parts\/page-fullwidth_template.php","meta":{"spay_email":""},"jetpack_sharing_enabled":true,"jetpack_shortlink":"https:\/\/wp.me\/Pa44lN-5R","jetpack-related-posts":[],"_links":{"self":[{"href":"https:\/\/www.fdsea35.fr\/index.php?rest_route=\/wp\/v2\/pages\/363"}],"collection":[{"href":"https:\/\/www.fdsea35.fr\/index.php?rest_route=\/wp\/v2\/pages"}],"about":[{"href":"https:\/\/www.fdsea35.fr\/index.php?rest_route=\/wp\/v2\/types\/page"}],"author":[{"embeddable":true,"href":"https:\/\/www.fdsea35.fr\/index.php?rest_route=\/wp\/v2\/users\/1"}],"replies":[{"embeddable":true,"href":"https:\/\/www.fdsea35.fr\/index.php?rest_route=%2Fwp%2Fv2%2Fcomments&post=363"}],"version-history":[{"count":12,"href":"https:\/\/www.fdsea35.fr\/index.php?rest_route=\/wp\/v2\/pages\/363\/revisions"}],"predecessor-version":[{"id":5123,"href":"https:\/\/www.fdsea35.fr\/index.php?rest_route=\/wp\/v2\/pages\/363\/revisions\/5123"}],"wp:attachment":[{"href":"https:\/\/www.fdsea35.fr\/index.php?rest_route=%2Fwp%2Fv2%2Fmedia&parent=363"}],"curies":[{"name":"wp","href":"https:\/\/api.w.org\/{rel}","templated":true}]}}