{"id":289,"date":"2017-09-05T08:12:57","date_gmt":"2017-09-05T08:12:57","guid":{"rendered":"http:\/\/www.fdsea56.fr\/?page_id=289"},"modified":"2024-01-10T16:07:47","modified_gmt":"2024-01-10T15:07:47","slug":"formation-agriculteurs-responsables","status":"publish","type":"page","link":"https:\/\/www.fdsea35.fr\/?page_id=289","title":{"rendered":"Service formation"},"content":{"rendered":"\t\t<div data-elementor-type=\"wp-page\" data-elementor-id=\"289\" class=\"elementor elementor-289\" data-elementor-settings=\"[]\">\n\t\t\t<div class=\"elementor-inner\">\n\t\t\t\t<div class=\"elementor-section-wrap\">\n\t\t\t\t\t\t\t<section class=\"elementor-element elementor-element-8200cc1 elementor-section-boxed elementor-section-height-default elementor-section-height-default elementor-section elementor-top-section\" data-id=\"8200cc1\" data-element_type=\"section\">\n\t\t\t\t\t\t<div class=\"elementor-container elementor-column-gap-default\">\n\t\t\t\t<div class=\"elementor-row\">\n\t\t\t\t<div class=\"elementor-element elementor-element-b1fc92d elementor-column elementor-col-50 elementor-top-column\" data-id=\"b1fc92d\" data-element_type=\"column\">\n\t\t\t<div class=\"elementor-column-wrap  elementor-element-populated\">\n\t\t\t\t\t<div class=\"elementor-widget-wrap\">\n\t\t\t\t<div class=\"elementor-element elementor-element-5d9ddb8 elementor-widget elementor-widget-text-editor\" data-id=\"5d9ddb8\" data-element_type=\"widget\" data-widget_type=\"text-editor.default\">\n\t\t\t\t<div class=\"elementor-widget-container\">\n\t\t\t\t\t<div class=\"elementor-text-editor elementor-clearfix\"><p><span style=\"color: #ff6600; font-size: 21px;\"><b>Contact :<\/b><\/span> <br \/><em>FDSEA 35\u00a0<\/em><br \/>\ud83d\udcde 02.23.48.25.25<\/p><\/div>\n\t\t\t\t<\/div>\n\t\t\t\t<\/div>\n\t\t\t\t<div class=\"elementor-element elementor-element-fc9f090 elementor-widget elementor-widget-image\" data-id=\"fc9f090\" data-element_type=\"widget\" data-widget_type=\"image.default\">\n\t\t\t\t<div class=\"elementor-widget-container\">\n\t\t\t\t\t<div class=\"elementor-image\">\n\t\t\t\t\t\t\t\t\t\t<img width=\"1024\" height=\"768\" src=\"https:\/\/i2.wp.com\/www.fdsea35.fr\/wp-content\/uploads\/2018\/06\/9-formation.jpg?fit=1024%2C768&amp;ssl=1\" class=\"attachment-large size-large\" alt=\"\" decoding=\"async\" loading=\"lazy\" srcset=\"https:\/\/i2.wp.com\/www.fdsea35.fr\/wp-content\/uploads\/2018\/06\/9-formation.jpg?w=4128&amp;ssl=1 4128w, https:\/\/i2.wp.com\/www.fdsea35.fr\/wp-content\/uploads\/2018\/06\/9-formation.jpg?resize=300%2C225&amp;ssl=1 300w, https:\/\/i2.wp.com\/www.fdsea35.fr\/wp-content\/uploads\/2018\/06\/9-formation.jpg?resize=768%2C576&amp;ssl=1 768w, https:\/\/i2.wp.com\/www.fdsea35.fr\/wp-content\/uploads\/2018\/06\/9-formation.jpg?resize=1024%2C768&amp;ssl=1 1024w, https:\/\/i2.wp.com\/www.fdsea35.fr\/wp-content\/uploads\/2018\/06\/9-formation.jpg?w=2000 2000w, https:\/\/i2.wp.com\/www.fdsea35.fr\/wp-content\/uploads\/2018\/06\/9-formation.jpg?w=3000 3000w\" sizes=\"(max-width: 1000px) 100vw, 1000px\" data-attachment-id=\"1148\" data-permalink=\"https:\/\/www.fdsea35.fr\/?attachment_id=1148\" data-orig-file=\"https:\/\/i2.wp.com\/www.fdsea35.fr\/wp-content\/uploads\/2018\/06\/9-formation.jpg?fit=4128%2C3096&amp;ssl=1\" data-orig-size=\"4128,3096\" data-comments-opened=\"1\" data-image-meta=\"{&quot;aperture&quot;:&quot;1.7&quot;,&quot;credit&quot;:&quot;&quot;,&quot;camera&quot;:&quot;SM-J730F&quot;,&quot;caption&quot;:&quot;&quot;,&quot;created_timestamp&quot;:&quot;1516126241&quot;,&quot;copyright&quot;:&quot;&quot;,&quot;focal_length&quot;:&quot;3.71&quot;,&quot;iso&quot;:&quot;200&quot;,&quot;shutter_speed&quot;:&quot;0.03030303030303&quot;,&quot;title&quot;:&quot;&quot;,&quot;orientation&quot;:&quot;1&quot;}\" data-image-title=\"9-formation\" data-image-description=\"\" data-medium-file=\"https:\/\/i2.wp.com\/www.fdsea35.fr\/wp-content\/uploads\/2018\/06\/9-formation.jpg?fit=300%2C225&amp;ssl=1\" data-large-file=\"https:\/\/i2.wp.com\/www.fdsea35.fr\/wp-content\/uploads\/2018\/06\/9-formation.jpg?fit=1024%2C768&amp;ssl=1\" \/>\t\t\t\t\t\t\t\t\t\t\t<\/div>\n\t\t\t\t<\/div>\n\t\t\t\t<\/div>\n\t\t\t\t\t\t<\/div>\n\t\t\t<\/div>\n\t\t<\/div>\n\t\t\t\t<div class=\"elementor-element elementor-element-18ce39f elementor-column elementor-col-50 elementor-top-column\" data-id=\"18ce39f\" data-element_type=\"column\">\n\t\t\t<div class=\"elementor-column-wrap  elementor-element-populated\">\n\t\t\t\t\t<div class=\"elementor-widget-wrap\">\n\t\t\t\t<div class=\"elementor-element elementor-element-07256c0 elementor-widget elementor-widget-image\" data-id=\"07256c0\" data-element_type=\"widget\" data-widget_type=\"image.default\">\n\t\t\t\t<div class=\"elementor-widget-container\">\n\t\t\t\t\t<div class=\"elementor-image\">\n\t\t\t\t\t\t\t\t\t\t<img decoding=\"async\" src=\"https:\/\/i1.wp.com\/www.fdsea35.fr\/wp-content\/uploads\/2020\/05\/Logo-Agri-Formation.jpg?fit=600%2C300&amp;ssl=1\" title=\"Logo Agri Formation\" alt=\"Logo Agri Formation\" \/>\t\t\t\t\t\t\t\t\t\t\t<\/div>\n\t\t\t\t<\/div>\n\t\t\t\t<\/div>\n\t\t\t\t<div class=\"elementor-element elementor-element-135a3c4 elementor-widget elementor-widget-text-editor\" data-id=\"135a3c4\" data-element_type=\"widget\" data-widget_type=\"text-editor.default\">\n\t\t\t\t<div class=\"elementor-widget-container\">\n\t\t\t\t\t<div class=\"elementor-text-editor elementor-clearfix\"><p><span style=\"font-size: 28px; font-family: 'Open Sans'; color: #df3425;\"><b>Le service formation des agriculteurs et des responsables<\/b><\/span><\/p><p align=\"justify\"><span style=\"font-family: Open Sans; font-size: 16px;\"><a href=\"https:\/\/www.agriformationbretagne.fr\/\" target=\"_blank\" rel=\"noopener\">AGRI FORMATION<\/a> et la FDSEA 35 proposent des formations aux agricultrices et agriculteurs ainsi que des formations plus sp\u00e9cifiques pour celles et ceux qui se sont engag\u00e9s dans des responsabilit\u00e9s, notamment au sein du conseil d\u2019administration, des sections et commissions.<\/span><\/p><p align=\"justify\"><span style=\"font-family: Open Sans; font-size: 16px;\">Elles s\u2019adaptent aux besoins et attentes de ses adh\u00e9rents.<\/span><\/p><h2 align=\"justify\"><strong>Quelques exemples de formations propos\u00e9es :<\/strong><\/h2><ul><li><p align=\"justify\">Initiation \u00e0 Twitter et utilisation des r\u00e9seaux sociaux dans le monde agricole.<\/p><\/li><li><p align=\"justify\">Pr\u00e9venir et \u00e9valuer les risques sur son exploitation.<\/p><\/li><li><p align=\"justify\">Formation des responsables cantonaux structures \u00ab\u00a0Conna\u00eetre les r\u00e8gles s\u2019appliquant au contr\u00f4le des structures\u00a0\u00bb.<\/p><\/li><li><p align=\"justify\">Formation des responsables de la section des fermiers : \u00ab Connaitre les principales r\u00e8gles du statut des fermages \u00bb<\/p><\/li><li>Formation DUER \u00ab Document Unique d\u2019\u00e9valuation des risques \u00bb<\/li><li>Formation premiers secours PSC 1<\/li><li>Formation sur les contr\u00f4les PAC<\/li><li>Formation \u00ab\u00a0comment accueillir du public sur sa ferme\u00a0\u00bb<\/li><\/ul><div style=\"text-align: center;\">\ud83d\udc49\u00a0 <span style=\"color: #ff6600;\">Retrouvez l&rsquo;ensemble des dates des formations sur le site Agriformation Bretagne : <a href=\"http:\/\/www.agriformationbretagne.fr\/\" target=\"_blank\" rel=\"noopener\">http:\/\/www.agriformationbretagne.fr\/<\/a> ou en appelant la FDSEA au 02.23.48.25.25.<\/span><\/div><\/div>\n\t\t\t\t<\/div>\n\t\t\t\t<\/div>\n\t\t\t\t\t\t<\/div>\n\t\t\t<\/div>\n\t\t<\/div>\n\t\t\t\t\t\t<\/div>\n\t\t\t<\/div>\n\t\t<\/section>\n\t\t\t\t\t\t<\/div>\n\t\t\t<\/div>\n\t\t<\/div>\n\t\t","protected":false},"excerpt":{"rendered":"<p>Contact : FDSEA 35\u00a0\ud83d\udcde 02.23.48.25.25 Le service formation des agriculteurs et des responsables AGRI FORMATION et la FDSEA 35 proposent des formations aux agricultrices et agriculteurs ainsi que des formations plus sp\u00e9cifiques pour celles et ceux qui se sont engag\u00e9s dans des responsabilit\u00e9s, notamment au sein du conseil d\u2019administration, des sections et commissions. Elles s\u2019adaptent<br \/><a class=\"moretag\" href=\"https:\/\/www.fdsea35.fr\/?page_id=289\">+ Lire Plus<\/a><\/p>\n","protected":false},"author":1,"featured_media":0,"parent":0,"menu_order":0,"comment_status":"closed","ping_status":"closed","template":"template_parts\/page-fullwidth_template.php","meta":{"spay_email":""},"jetpack_sharing_enabled":true,"jetpack_shortlink":"https:\/\/wp.me\/Pa44lN-4F","jetpack-related-posts":[],"_links":{"self":[{"href":"https:\/\/www.fdsea35.fr\/index.php?rest_route=\/wp\/v2\/pages\/289"}],"collection":[{"href":"https:\/\/www.fdsea35.fr\/index.php?rest_route=\/wp\/v2\/pages"}],"about":[{"href":"https:\/\/www.fdsea35.fr\/index.php?rest_route=\/wp\/v2\/types\/page"}],"author":[{"embeddable":true,"href":"https:\/\/www.fdsea35.fr\/index.php?rest_route=\/wp\/v2\/users\/1"}],"replies":[{"embeddable":true,"href":"https:\/\/www.fdsea35.fr\/index.php?rest_route=%2Fwp%2Fv2%2Fcomments&post=289"}],"version-history":[{"count":68,"href":"https:\/\/www.fdsea35.fr\/index.php?rest_route=\/wp\/v2\/pages\/289\/revisions"}],"predecessor-version":[{"id":6323,"href":"https:\/\/www.fdsea35.fr\/index.php?rest_route=\/wp\/v2\/pages\/289\/revisions\/6323"}],"wp:attachment":[{"href":"https:\/\/www.fdsea35.fr\/index.php?rest_route=%2Fwp%2Fv2%2Fmedia&parent=289"}],"curies":[{"name":"wp","href":"https:\/\/api.w.org\/{rel}","templated":true}]}}