{"id":2197,"date":"2018-10-04T15:21:13","date_gmt":"2018-10-04T13:21:13","guid":{"rendered":"http:\/\/www.fdsea35.fr\/?page_id=2197"},"modified":"2024-01-10T10:33:37","modified_gmt":"2024-01-10T09:33:37","slug":"service-paie","status":"publish","type":"page","link":"https:\/\/www.fdsea35.fr\/?page_id=2197","title":{"rendered":"Service Paie"},"content":{"rendered":"\t\t<div data-elementor-type=\"wp-post\" data-elementor-id=\"2197\" class=\"elementor elementor-2197\" data-elementor-settings=\"[]\">\n\t\t\t<div class=\"elementor-inner\">\n\t\t\t\t<div class=\"elementor-section-wrap\">\n\t\t\t\t\t\t\t<section class=\"elementor-element elementor-element-ced39fb elementor-section-boxed elementor-section-height-default elementor-section-height-default elementor-section elementor-top-section\" data-id=\"ced39fb\" data-element_type=\"section\">\n\t\t\t\t\t\t<div class=\"elementor-container elementor-column-gap-default\">\n\t\t\t\t<div class=\"elementor-row\">\n\t\t\t\t<div class=\"elementor-element elementor-element-a2ed104 elementor-column elementor-col-100 elementor-top-column\" data-id=\"a2ed104\" data-element_type=\"column\">\n\t\t\t<div class=\"elementor-column-wrap  elementor-element-populated\">\n\t\t\t\t\t<div class=\"elementor-widget-wrap\">\n\t\t\t\t<div class=\"elementor-element elementor-element-eb37d7c elementor-widget elementor-widget-text-editor\" data-id=\"eb37d7c\" data-element_type=\"widget\" data-widget_type=\"text-editor.default\">\n\t\t\t\t<div class=\"elementor-widget-container\">\n\t\t\t\t\t<div class=\"elementor-text-editor elementor-clearfix\"><p style=\"text-align: center;\"><span style=\"font-size: 24px; color: #df3425;\"><strong>Le Service Paie : des services et conseils sur mesure pour les employeurs<\/strong><\/span><\/p><\/div>\n\t\t\t\t<\/div>\n\t\t\t\t<\/div>\n\t\t\t\t\t\t<\/div>\n\t\t\t<\/div>\n\t\t<\/div>\n\t\t\t\t\t\t<\/div>\n\t\t\t<\/div>\n\t\t<\/section>\n\t\t\t\t<section class=\"elementor-element elementor-element-5916ea0 elementor-section-boxed elementor-section-height-default elementor-section-height-default elementor-section elementor-top-section\" data-id=\"5916ea0\" data-element_type=\"section\">\n\t\t\t\t\t\t<div class=\"elementor-container elementor-column-gap-default\">\n\t\t\t\t<div class=\"elementor-row\">\n\t\t\t\t<div class=\"elementor-element elementor-element-0083c0f elementor-column elementor-col-50 elementor-top-column\" data-id=\"0083c0f\" data-element_type=\"column\">\n\t\t\t<div class=\"elementor-column-wrap  elementor-element-populated\">\n\t\t\t\t\t<div class=\"elementor-widget-wrap\">\n\t\t\t\t<div class=\"elementor-element elementor-element-88d035a elementor-widget elementor-widget-text-editor\" data-id=\"88d035a\" data-element_type=\"widget\" data-widget_type=\"text-editor.default\">\n\t\t\t\t<div class=\"elementor-widget-container\">\n\t\t\t\t\t<div class=\"elementor-text-editor elementor-clearfix\"><p><span style=\"color: #df3425;\"><strong>Contacts<\/strong> :<\/span><\/p><p><span style=\"color: #134a2c;\"><em><strong>Service Paie<br \/><\/strong><\/em><span style=\"font-size: 14px; font-family: 'Open Sans'; color: #134a2c;\"><i style=\"color:#134a2c;font-size:16px;width:16px;height:16px; \" class=\"fa fa-phone  icon_style_plain \"><\/i>\u00a0<\/span>07.57.48.32.74<\/span><br \/><a href=\"mailto:servicepaie@fdsea35.fr\"><span style=\"color: #134a2c;\"><span style=\"font-size: 13px;\"><span style=\"font-size: 14px;\">servicepaie.fdsea35@reseaufnsea.fr<\/span><\/span><\/span><\/a><\/p><\/div>\n\t\t\t\t<\/div>\n\t\t\t\t<\/div>\n\t\t\t\t\t\t<\/div>\n\t\t\t<\/div>\n\t\t<\/div>\n\t\t\t\t<div class=\"elementor-element elementor-element-3213d87 elementor-column elementor-col-50 elementor-top-column\" data-id=\"3213d87\" data-element_type=\"column\">\n\t\t\t<div class=\"elementor-column-wrap  elementor-element-populated\">\n\t\t\t\t\t<div class=\"elementor-widget-wrap\">\n\t\t\t\t<div class=\"elementor-element elementor-element-0b7a2ca elementor-widget elementor-widget-text-editor\" data-id=\"0b7a2ca\" data-element_type=\"widget\" data-widget_type=\"text-editor.default\">\n\t\t\t\t<div class=\"elementor-widget-container\">\n\t\t\t\t\t<div class=\"elementor-text-editor elementor-clearfix\"><p style=\"text-align: justify;\">Des gestionnaires paie \u00e9tablissent vos bulletins de paie et les d\u00e9clarations sociales. Une prestation compl\u00e8te d\u00e8s l\u2019embauche jusqu\u2019\u00e0 la sortie du salari\u00e9, s\u00e9curis\u00e9e, rapide et performante.<\/p><p><span style=\"color: #134a2c;\"><strong>Des services \u00e0 un prix comp\u00e9titif<\/strong><\/span><\/p><p style=\"text-align: justify;\">La FDSEA fait le choix d\u2019un tarif simple et comp\u00e9titif pour r\u00e9pondre aux besoins des agriculteurs. Les adh\u00e9rents FDSEA disposent <strong>d\u2019une remise de 30% sur le tarif public<\/strong>.<\/p><ul><li style=\"text-align: justify;\">un tarif par bulletin de paie comprenant toutes les d\u00e9clarations sociales, les d\u00e9clarations d\u2019embauche et documents de fin de contrat<\/li><li style=\"text-align: justify;\">un forfait pour les actes les plus courants tels que les contrats de travail, les licenciements, le document d\u2019\u00e9valuation des risques<\/li><li style=\"text-align: justify;\">un tarif attractif pour l\u2019acc\u00e8s aux conseils d\u2019un juriste sp\u00e9cialiste<\/li><li style=\"text-align: justify;\">des formations propos\u00e9es \u00e0 un prix imbattable ou gratuites<\/li><li style=\"text-align: justify;\">une information sur l\u2019actualit\u00e9 sociale chaque semaine sur votre boite mail<\/li><\/ul><\/div>\n\t\t\t\t<\/div>\n\t\t\t\t<\/div>\n\t\t\t\t\t\t<\/div>\n\t\t\t<\/div>\n\t\t<\/div>\n\t\t\t\t\t\t<\/div>\n\t\t\t<\/div>\n\t\t<\/section>\n\t\t\t\t<section class=\"elementor-element elementor-element-d72a48a elementor-section-boxed elementor-section-height-default elementor-section-height-default elementor-section elementor-top-section\" data-id=\"d72a48a\" data-element_type=\"section\">\n\t\t\t\t\t\t<div class=\"elementor-container elementor-column-gap-default\">\n\t\t\t\t<div class=\"elementor-row\">\n\t\t\t\t<div class=\"elementor-element elementor-element-102a92f elementor-column elementor-col-50 elementor-top-column\" data-id=\"102a92f\" data-element_type=\"column\">\n\t\t\t<div class=\"elementor-column-wrap  elementor-element-populated\">\n\t\t\t\t\t<div class=\"elementor-widget-wrap\">\n\t\t\t\t<div class=\"elementor-element elementor-element-981ad92 elementor-widget elementor-widget-image\" data-id=\"981ad92\" data-element_type=\"widget\" data-widget_type=\"image.default\">\n\t\t\t\t<div class=\"elementor-widget-container\">\n\t\t\t\t\t<div class=\"elementor-image\">\n\t\t\t\t\t\t\t\t\t\t<img width=\"395\" height=\"545\" src=\"https:\/\/i1.wp.com\/www.fdsea35.fr\/wp-content\/uploads\/2023\/08\/flyer-agriconseil-2023-verso.png?fit=395%2C545&amp;ssl=1\" class=\"attachment-medium_large size-medium_large\" alt=\"\" decoding=\"async\" loading=\"lazy\" srcset=\"https:\/\/i1.wp.com\/www.fdsea35.fr\/wp-content\/uploads\/2023\/08\/flyer-agriconseil-2023-verso.png?w=395&amp;ssl=1 395w, https:\/\/i1.wp.com\/www.fdsea35.fr\/wp-content\/uploads\/2023\/08\/flyer-agriconseil-2023-verso.png?resize=217%2C300&amp;ssl=1 217w\" sizes=\"(max-width: 395px) 100vw, 395px\" data-attachment-id=\"6172\" data-permalink=\"https:\/\/www.fdsea35.fr\/?attachment_id=6172\" data-orig-file=\"https:\/\/i1.wp.com\/www.fdsea35.fr\/wp-content\/uploads\/2023\/08\/flyer-agriconseil-2023-verso.png?fit=395%2C545&amp;ssl=1\" data-orig-size=\"395,545\" data-comments-opened=\"1\" data-image-meta=\"{&quot;aperture&quot;:&quot;0&quot;,&quot;credit&quot;:&quot;&quot;,&quot;camera&quot;:&quot;&quot;,&quot;caption&quot;:&quot;&quot;,&quot;created_timestamp&quot;:&quot;0&quot;,&quot;copyright&quot;:&quot;&quot;,&quot;focal_length&quot;:&quot;0&quot;,&quot;iso&quot;:&quot;0&quot;,&quot;shutter_speed&quot;:&quot;0&quot;,&quot;title&quot;:&quot;&quot;,&quot;orientation&quot;:&quot;0&quot;}\" data-image-title=\"flyer agriconseil 2023 verso\" data-image-description=\"\" data-medium-file=\"https:\/\/i1.wp.com\/www.fdsea35.fr\/wp-content\/uploads\/2023\/08\/flyer-agriconseil-2023-verso.png?fit=217%2C300&amp;ssl=1\" data-large-file=\"https:\/\/i1.wp.com\/www.fdsea35.fr\/wp-content\/uploads\/2023\/08\/flyer-agriconseil-2023-verso.png?fit=395%2C545&amp;ssl=1\" \/>\t\t\t\t\t\t\t\t\t\t\t<\/div>\n\t\t\t\t<\/div>\n\t\t\t\t<\/div>\n\t\t\t\t\t\t<\/div>\n\t\t\t<\/div>\n\t\t<\/div>\n\t\t\t\t<div class=\"elementor-element elementor-element-21bd088 elementor-column elementor-col-50 elementor-top-column\" data-id=\"21bd088\" data-element_type=\"column\">\n\t\t\t<div class=\"elementor-column-wrap  elementor-element-populated\">\n\t\t\t\t\t<div class=\"elementor-widget-wrap\">\n\t\t\t\t<div class=\"elementor-element elementor-element-14332a4 elementor-widget elementor-widget-image\" data-id=\"14332a4\" data-element_type=\"widget\" data-widget_type=\"image.default\">\n\t\t\t\t<div class=\"elementor-widget-container\">\n\t\t\t\t\t<div class=\"elementor-image\">\n\t\t\t\t\t\t\t\t\t\t<img width=\"515\" height=\"701\" src=\"https:\/\/i2.wp.com\/www.fdsea35.fr\/wp-content\/uploads\/2023\/08\/Agriconseil-flyer-service.png?fit=515%2C701&amp;ssl=1\" class=\"attachment-large size-large\" alt=\"\" decoding=\"async\" loading=\"lazy\" srcset=\"https:\/\/i2.wp.com\/www.fdsea35.fr\/wp-content\/uploads\/2023\/08\/Agriconseil-flyer-service.png?w=515&amp;ssl=1 515w, https:\/\/i2.wp.com\/www.fdsea35.fr\/wp-content\/uploads\/2023\/08\/Agriconseil-flyer-service.png?resize=220%2C300&amp;ssl=1 220w\" sizes=\"(max-width: 515px) 100vw, 515px\" data-attachment-id=\"6171\" data-permalink=\"https:\/\/www.fdsea35.fr\/?attachment_id=6171\" data-orig-file=\"https:\/\/i2.wp.com\/www.fdsea35.fr\/wp-content\/uploads\/2023\/08\/Agriconseil-flyer-service.png?fit=515%2C701&amp;ssl=1\" data-orig-size=\"515,701\" data-comments-opened=\"1\" data-image-meta=\"{&quot;aperture&quot;:&quot;0&quot;,&quot;credit&quot;:&quot;&quot;,&quot;camera&quot;:&quot;&quot;,&quot;caption&quot;:&quot;&quot;,&quot;created_timestamp&quot;:&quot;0&quot;,&quot;copyright&quot;:&quot;&quot;,&quot;focal_length&quot;:&quot;0&quot;,&quot;iso&quot;:&quot;0&quot;,&quot;shutter_speed&quot;:&quot;0&quot;,&quot;title&quot;:&quot;&quot;,&quot;orientation&quot;:&quot;0&quot;}\" data-image-title=\"Agriconseil flyer service\" data-image-description=\"\" data-medium-file=\"https:\/\/i2.wp.com\/www.fdsea35.fr\/wp-content\/uploads\/2023\/08\/Agriconseil-flyer-service.png?fit=220%2C300&amp;ssl=1\" data-large-file=\"https:\/\/i2.wp.com\/www.fdsea35.fr\/wp-content\/uploads\/2023\/08\/Agriconseil-flyer-service.png?fit=515%2C701&amp;ssl=1\" \/>\t\t\t\t\t\t\t\t\t\t\t<\/div>\n\t\t\t\t<\/div>\n\t\t\t\t<\/div>\n\t\t\t\t\t\t<\/div>\n\t\t\t<\/div>\n\t\t<\/div>\n\t\t\t\t\t\t<\/div>\n\t\t\t<\/div>\n\t\t<\/section>\n\t\t\t\t<section class=\"elementor-element elementor-element-ded32a0 elementor-section-boxed elementor-section-height-default elementor-section-height-default elementor-section elementor-top-section\" data-id=\"ded32a0\" data-element_type=\"section\">\n\t\t\t\t\t\t<div class=\"elementor-container elementor-column-gap-default\">\n\t\t\t\t<div class=\"elementor-row\">\n\t\t\t\t<div class=\"elementor-element elementor-element-53b7a25 elementor-column elementor-col-100 elementor-top-column\" data-id=\"53b7a25\" data-element_type=\"column\">\n\t\t\t<div class=\"elementor-column-wrap\">\n\t\t\t\t\t<div class=\"elementor-widget-wrap\">\n\t\t\t\t\t\t<\/div>\n\t\t\t<\/div>\n\t\t<\/div>\n\t\t\t\t\t\t<\/div>\n\t\t\t<\/div>\n\t\t<\/section>\n\t\t\t\t\t\t<\/div>\n\t\t\t<\/div>\n\t\t<\/div>\n\t\t","protected":false},"excerpt":{"rendered":"<p>Le Service Paie : des services et conseils sur mesure pour les employeurs Contacts : Service Paie\u00a007.57.48.32.74servicepaie.fdsea35@reseaufnsea.fr Des gestionnaires paie \u00e9tablissent vos bulletins de paie et les d\u00e9clarations sociales. Une prestation compl\u00e8te d\u00e8s l\u2019embauche jusqu\u2019\u00e0 la sortie du salari\u00e9, s\u00e9curis\u00e9e, rapide et performante. Des services \u00e0 un prix comp\u00e9titif La FDSEA fait le choix d\u2019un<br \/><a class=\"moretag\" href=\"https:\/\/www.fdsea35.fr\/?page_id=2197\">+ Lire Plus<\/a><\/p>\n","protected":false},"author":1,"featured_media":0,"parent":0,"menu_order":0,"comment_status":"closed","ping_status":"closed","template":"","meta":{"spay_email":""},"jetpack_sharing_enabled":true,"jetpack_shortlink":"https:\/\/wp.me\/Pa44lN-zr","jetpack-related-posts":[],"_links":{"self":[{"href":"https:\/\/www.fdsea35.fr\/index.php?rest_route=\/wp\/v2\/pages\/2197"}],"collection":[{"href":"https:\/\/www.fdsea35.fr\/index.php?rest_route=\/wp\/v2\/pages"}],"about":[{"href":"https:\/\/www.fdsea35.fr\/index.php?rest_route=\/wp\/v2\/types\/page"}],"author":[{"embeddable":true,"href":"https:\/\/www.fdsea35.fr\/index.php?rest_route=\/wp\/v2\/users\/1"}],"replies":[{"embeddable":true,"href":"https:\/\/www.fdsea35.fr\/index.php?rest_route=%2Fwp%2Fv2%2Fcomments&post=2197"}],"version-history":[{"count":24,"href":"https:\/\/www.fdsea35.fr\/index.php?rest_route=\/wp\/v2\/pages\/2197\/revisions"}],"predecessor-version":[{"id":6285,"href":"https:\/\/www.fdsea35.fr\/index.php?rest_route=\/wp\/v2\/pages\/2197\/revisions\/6285"}],"wp:attachment":[{"href":"https:\/\/www.fdsea35.fr\/index.php?rest_route=%2Fwp%2Fv2%2Fmedia&parent=2197"}],"curies":[{"name":"wp","href":"https:\/\/api.w.org\/{rel}","templated":true}]}}