{"id":1546,"date":"2018-07-05T14:27:51","date_gmt":"2018-07-05T12:27:51","guid":{"rendered":"http:\/\/www.fdsea35.fr\/?page_id=1546"},"modified":"2018-10-09T15:38:33","modified_gmt":"2018-10-09T13:38:33","slug":"adhesion","status":"publish","type":"page","link":"https:\/\/www.fdsea35.fr\/?page_id=1546","title":{"rendered":"Adh\u00e9sion"},"content":{"rendered":"<h2 style=\"text-align: center;\"><span style=\"color: #134a2c;\">L\u2019adh\u00e9sion,<\/span><br \/>\n<span style=\"color: #134a2c;\">un geste fort et engag\u00e9 pour d\u00e9fendre ses droits au quotidien et b\u00e9n\u00e9ficier de services adapt\u00e9s calcul\u00e9s au juste prix\u00a0!<\/span><\/h2>\n<div class=\"lts_blocks lts_blocks_layout2  \"><br \/>\n<div class=\"lts_block  lt_rounded  \" style=\"background:#ffffff;color:#999999;\"><\/p>\n<div style=\"text-align: center;\"><span style=\"font-size: 21px;\"><strong>En adh\u00e9rant, vous b\u00e9n\u00e9ficiez de fa\u00e7on exclusive<\/strong><\/span><\/div>\n<ul>\n<li><strong><span style=\"color: #df3425;\">30% de remise <\/span><\/strong>sur tous nos services (paie, PAC, TIC, conseil juridique en droit social, en droit rural, en droit des soci\u00e9t\u00e9s),<\/li>\n<li>d&rsquo;un <strong><span style=\"color: #df3425;\">accompagnement personnel<\/span><\/strong> en cas de <strong><span style=\"color: #df3425;\">difficult\u00e9s <\/span><\/strong>\u00e9conomiques ou administratives (contr\u00f4le, litige),<\/li>\n<li>de <strong><span style=\"color: #df3425;\">formations <\/span><\/strong>sp\u00e9cifiques,<\/li>\n<li>d&rsquo;une <strong><span style=\"color: #df3425;\">lettre d&rsquo;informations <\/span><\/strong>hebdomadaire tri\u00e9e pour vous avec l\u2019actualit\u00e9 des fili\u00e8res,<\/li>\n<li>de l&rsquo;<strong><span style=\"color: #df3425;\">appui de responsables<\/span><\/strong> locaux et d\u00e9partementaux disponibles et au contact,<\/li>\n<li>de <strong><span style=\"color: #df3425;\">r\u00e9unions syndicales<\/span><\/strong> d\u00e9localis\u00e9es r\u00e9guli\u00e8res.<\/li>\n<\/ul>\n<p>&nbsp;<\/p>\n<p><img decoding=\"async\" loading=\"lazy\" class=\"wp-attachment aligncenter\" title=\"FDSEA agenda page interieur p5.2\" src=\"https:\/\/i0.wp.com\/www.fdsea35.fr\/wp-content\/uploads\/2018\/06\/FDSEA-agenda-page-interieur-p5.2.jpg?resize=442%2C301\" width=\"442\" height=\"301\" data-recalc-dims=\"1\" \/><\/p>\n<p><\/div><\/p>\n<p><div class=\"lts_block  lt_rounded  \" style=\"background:#ffffff;color:#999999;\"><\/p>\n<p style=\"text-align: center;\"><span style=\"font-size: 21px;\"><strong>En adh\u00e9rant, vous permettez \u00e0 votre FDSEA de <\/strong><\/span><\/p>\n<ul>\n<li><strong><span style=\"color: #df3425;\">d\u00e9fendre <\/span><\/strong>le revenu des exploitants et valoriser le m\u00e9tier,<\/li>\n<li><strong><span style=\"color: #df3425;\">pr\u00e9server <\/span><\/strong>le territoire, son agriculture, ses richesses et son environnement,<\/li>\n<li><strong><span style=\"color: #df3425;\">agir et influer <\/span><\/strong>sur votre avenir, sur la place de l\u2019agriculture dans l\u2019\u00e9conomie,<\/li>\n<li><strong><span style=\"color: #df3425;\">vous repr\u00e9senter <\/span><\/strong>dans les organisations agricoles et aupr\u00e8s de l\u2019administration<\/li>\n<\/ul>\n<p>&nbsp;<\/p>\n<p><img decoding=\"async\" loading=\"lazy\" class=\"wp-attachment aligncenter\" title=\"illustratrion adh\u00e9sion\" src=\"https:\/\/i2.wp.com\/www.fdsea35.fr\/wp-content\/uploads\/2018\/06\/illustratrion-adh\u00e9sion.jpg?resize=298%2C310\" width=\"298\" height=\"310\" data-recalc-dims=\"1\" \/><\/p>\n<p>&nbsp;<\/p>\n<p><\/div><\/p>\n<p><div class=\"lts_block  lt_rounded  \" style=\"background:#ffffff;color:#999999;\"><\/div><\/p>\n<p><div class=\"lts_block  lt_rounded  \" style=\"background:#ffffff;color:#999999;\"><\/div><br \/>\n<\/div>\n","protected":false},"excerpt":{"rendered":"<p>L\u2019adh\u00e9sion, un geste fort et engag\u00e9 pour d\u00e9fendre ses droits au quotidien et b\u00e9n\u00e9ficier de services adapt\u00e9s calcul\u00e9s au juste prix\u00a0!<\/p>\n","protected":false},"author":1,"featured_media":0,"parent":0,"menu_order":0,"comment_status":"closed","ping_status":"closed","template":"","meta":{"spay_email":""},"jetpack_sharing_enabled":true,"jetpack_shortlink":"https:\/\/wp.me\/Pa44lN-oW","jetpack-related-posts":[],"_links":{"self":[{"href":"https:\/\/www.fdsea35.fr\/index.php?rest_route=\/wp\/v2\/pages\/1546"}],"collection":[{"href":"https:\/\/www.fdsea35.fr\/index.php?rest_route=\/wp\/v2\/pages"}],"about":[{"href":"https:\/\/www.fdsea35.fr\/index.php?rest_route=\/wp\/v2\/types\/page"}],"author":[{"embeddable":true,"href":"https:\/\/www.fdsea35.fr\/index.php?rest_route=\/wp\/v2\/users\/1"}],"replies":[{"embeddable":true,"href":"https:\/\/www.fdsea35.fr\/index.php?rest_route=%2Fwp%2Fv2%2Fcomments&post=1546"}],"version-history":[{"count":7,"href":"https:\/\/www.fdsea35.fr\/index.php?rest_route=\/wp\/v2\/pages\/1546\/revisions"}],"predecessor-version":[{"id":2343,"href":"https:\/\/www.fdsea35.fr\/index.php?rest_route=\/wp\/v2\/pages\/1546\/revisions\/2343"}],"wp:attachment":[{"href":"https:\/\/www.fdsea35.fr\/index.php?rest_route=%2Fwp%2Fv2%2Fmedia&parent=1546"}],"curies":[{"name":"wp","href":"https:\/\/api.w.org\/{rel}","templated":true}]}}