{"id":1363,"date":"2018-06-13T17:54:09","date_gmt":"2018-06-13T15:54:09","guid":{"rendered":"http:\/\/www.fdsea35.fr\/?page_id=1363"},"modified":"2023-03-17T16:13:02","modified_gmt":"2023-03-17T15:13:02","slug":"mutualia","status":"publish","type":"page","link":"https:\/\/www.fdsea35.fr\/?page_id=1363","title":{"rendered":"Mutualia"},"content":{"rendered":"\t\t<div data-elementor-type=\"wp-post\" data-elementor-id=\"1363\" class=\"elementor elementor-1363\" data-elementor-settings=\"[]\">\n\t\t\t<div class=\"elementor-inner\">\n\t\t\t\t<div class=\"elementor-section-wrap\">\n\t\t\t\t\t\t\t<section class=\"elementor-element elementor-element-4122a35d elementor-section-boxed elementor-section-height-default elementor-section-height-default elementor-section elementor-top-section\" data-id=\"4122a35d\" data-element_type=\"section\">\n\t\t\t\t\t\t<div class=\"elementor-container elementor-column-gap-default\">\n\t\t\t\t<div class=\"elementor-row\">\n\t\t\t\t<div class=\"elementor-element elementor-element-73ca2868 elementor-column elementor-col-100 elementor-top-column\" data-id=\"73ca2868\" data-element_type=\"column\">\n\t\t\t<div class=\"elementor-column-wrap  elementor-element-populated\">\n\t\t\t\t\t<div class=\"elementor-widget-wrap\">\n\t\t\t\t<div class=\"elementor-element elementor-element-50132f77 elementor-drop-cap-yes elementor-drop-cap-view-default elementor-widget elementor-widget-text-editor\" data-id=\"50132f77\" data-element_type=\"widget\" data-settings=\"{&quot;drop_cap&quot;:&quot;yes&quot;}\" data-widget_type=\"text-editor.default\">\n\t\t\t\t<div class=\"elementor-widget-container\">\n\t\t\t\t\t<div class=\"elementor-text-editor elementor-clearfix\"><h1 style=\"text-align: center;\"><span style=\"color: #df3425;\">Mutualia : compl\u00e9mentaire sant\u00e9<\/span><\/h1><p>Votre FDSEA a mis en place depuis 2014, un partenariat avec Mutualia, pour proposer aux adh\u00e9rents FDSEA une compl\u00e9mentaire sant\u00e9 \u00e0 un tarif pr\u00e9f\u00e9rentiel.<\/p><p>N&rsquo;h\u00e9sitez pas \u00e0 comparer votre contrat avec les prestations propos\u00e9es par Mutualia. Un agent Mutualia peut vous aider \u00e0 faire ce travail.<\/p><p><img data-attachment-id=\"3114\" data-permalink=\"https:\/\/www.fdsea35.fr\/?attachment_id=3114\" data-orig-file=\"https:\/\/i2.wp.com\/www.fdsea35.fr\/wp-content\/uploads\/2019\/03\/bandeau-2019.jpg?fit=2126%2C472&amp;ssl=1\" data-orig-size=\"2126,472\" data-comments-opened=\"1\" data-image-meta=\"{&quot;aperture&quot;:&quot;0&quot;,&quot;credit&quot;:&quot;&quot;,&quot;camera&quot;:&quot;&quot;,&quot;caption&quot;:&quot;&quot;,&quot;created_timestamp&quot;:&quot;0&quot;,&quot;copyright&quot;:&quot;&quot;,&quot;focal_length&quot;:&quot;0&quot;,&quot;iso&quot;:&quot;0&quot;,&quot;shutter_speed&quot;:&quot;0&quot;,&quot;title&quot;:&quot;&quot;,&quot;orientation&quot;:&quot;0&quot;}\" data-image-title=\"bandeau 2019\" data-image-description=\"\" data-medium-file=\"https:\/\/i2.wp.com\/www.fdsea35.fr\/wp-content\/uploads\/2019\/03\/bandeau-2019.jpg?fit=300%2C67&amp;ssl=1\" data-large-file=\"https:\/\/i2.wp.com\/www.fdsea35.fr\/wp-content\/uploads\/2019\/03\/bandeau-2019.jpg?fit=1024%2C227&amp;ssl=1\" decoding=\"async\" loading=\"lazy\" class=\"wp-image-3114 size-full aligncenter\" src=\"https:\/\/i2.wp.com\/www.fdsea35.fr\/wp-content\/uploads\/2019\/03\/bandeau-2019.jpg?resize=2126%2C472\" alt=\"\" width=\"2126\" height=\"472\" data-recalc-dims=\"1\" srcset=\"https:\/\/i2.wp.com\/www.fdsea35.fr\/wp-content\/uploads\/2019\/03\/bandeau-2019.jpg?w=2126&amp;ssl=1 2126w, https:\/\/i2.wp.com\/www.fdsea35.fr\/wp-content\/uploads\/2019\/03\/bandeau-2019.jpg?resize=300%2C67&amp;ssl=1 300w, https:\/\/i2.wp.com\/www.fdsea35.fr\/wp-content\/uploads\/2019\/03\/bandeau-2019.jpg?resize=768%2C171&amp;ssl=1 768w, https:\/\/i2.wp.com\/www.fdsea35.fr\/wp-content\/uploads\/2019\/03\/bandeau-2019.jpg?resize=1024%2C227&amp;ssl=1 1024w, https:\/\/i2.wp.com\/www.fdsea35.fr\/wp-content\/uploads\/2019\/03\/bandeau-2019.jpg?w=2000 2000w\" sizes=\"(max-width: 1000px) 100vw, 1000px\" \/><\/p><p>\ud83d\udc49 <a href=\"https:\/\/drive.google.com\/file\/d\/1VVYQzTNwnEGfhTeUJu8JkfgRy9_xMe00\/view?usp=share_link\" target=\"_blank\" rel=\"noopener\">Pour consulter les coordonn\u00e9es et tarifs : cliquez.ici<\/a><\/p><\/div>\n\t\t\t\t<\/div>\n\t\t\t\t<\/div>\n\t\t\t\t\t\t<\/div>\n\t\t\t<\/div>\n\t\t<\/div>\n\t\t\t\t\t\t<\/div>\n\t\t\t<\/div>\n\t\t<\/section>\n\t\t\t\t\t\t<\/div>\n\t\t\t<\/div>\n\t\t<\/div>\n\t\t","protected":false},"excerpt":{"rendered":"<p>Mutualia : compl\u00e9mentaire sant\u00e9 Votre FDSEA a mis en place depuis 2014, un partenariat avec Mutualia, pour proposer aux adh\u00e9rents FDSEA une compl\u00e9mentaire sant\u00e9 \u00e0 un tarif pr\u00e9f\u00e9rentiel. N&rsquo;h\u00e9sitez pas \u00e0 comparer votre contrat avec les prestations propos\u00e9es par Mutualia. Un agent Mutualia peut vous aider \u00e0 faire ce travail. \ud83d\udc49 Pour consulter les coordonn\u00e9es<br \/><a class=\"moretag\" href=\"https:\/\/www.fdsea35.fr\/?page_id=1363\">+ Lire Plus<\/a><\/p>\n","protected":false},"author":1,"featured_media":0,"parent":0,"menu_order":0,"comment_status":"closed","ping_status":"closed","template":"","meta":{"spay_email":""},"jetpack_sharing_enabled":true,"jetpack_shortlink":"https:\/\/wp.me\/Pa44lN-lZ","jetpack-related-posts":[],"_links":{"self":[{"href":"https:\/\/www.fdsea35.fr\/index.php?rest_route=\/wp\/v2\/pages\/1363"}],"collection":[{"href":"https:\/\/www.fdsea35.fr\/index.php?rest_route=\/wp\/v2\/pages"}],"about":[{"href":"https:\/\/www.fdsea35.fr\/index.php?rest_route=\/wp\/v2\/types\/page"}],"author":[{"embeddable":true,"href":"https:\/\/www.fdsea35.fr\/index.php?rest_route=\/wp\/v2\/users\/1"}],"replies":[{"embeddable":true,"href":"https:\/\/www.fdsea35.fr\/index.php?rest_route=%2Fwp%2Fv2%2Fcomments&post=1363"}],"version-history":[{"count":21,"href":"https:\/\/www.fdsea35.fr\/index.php?rest_route=\/wp\/v2\/pages\/1363\/revisions"}],"predecessor-version":[{"id":6117,"href":"https:\/\/www.fdsea35.fr\/index.php?rest_route=\/wp\/v2\/pages\/1363\/revisions\/6117"}],"wp:attachment":[{"href":"https:\/\/www.fdsea35.fr\/index.php?rest_route=%2Fwp%2Fv2%2Fmedia&parent=1363"}],"curies":[{"name":"wp","href":"https:\/\/api.w.org\/{rel}","templated":true}]}}