{"id":1125,"date":"2018-06-10T18:07:35","date_gmt":"2018-06-10T16:07:35","guid":{"rendered":"http:\/\/www.fdsea35.fr\/?page_id=1125"},"modified":"2025-08-12T14:54:38","modified_gmt":"2025-08-12T12:54:38","slug":"fete-de-lagriculture","status":"publish","type":"page","link":"https:\/\/www.fdsea35.fr\/?page_id=1125","title":{"rendered":"F\u00eate de l&rsquo;Agriculture"},"content":{"rendered":"\t\t<div data-elementor-type=\"wp-post\" data-elementor-id=\"1125\" class=\"elementor elementor-1125\" data-elementor-settings=\"[]\">\n\t\t\t<div class=\"elementor-inner\">\n\t\t\t\t<div class=\"elementor-section-wrap\">\n\t\t\t\t\t\t\t<section class=\"elementor-element elementor-element-d538b84 elementor-section-boxed elementor-section-height-default elementor-section-height-default elementor-section elementor-top-section\" data-id=\"d538b84\" data-element_type=\"section\">\n\t\t\t\t\t\t<div class=\"elementor-container elementor-column-gap-default\">\n\t\t\t\t<div class=\"elementor-row\">\n\t\t\t\t<div class=\"elementor-element elementor-element-1c24d8a elementor-column elementor-col-100 elementor-top-column\" data-id=\"1c24d8a\" data-element_type=\"column\">\n\t\t\t<div class=\"elementor-column-wrap\">\n\t\t\t\t\t<div class=\"elementor-widget-wrap\">\n\t\t\t\t\t\t<\/div>\n\t\t\t<\/div>\n\t\t<\/div>\n\t\t\t\t\t\t<\/div>\n\t\t\t<\/div>\n\t\t<\/section>\n\t\t\t\t<section class=\"elementor-element elementor-element-c95d189 elementor-section-full_width elementor-section-height-default elementor-section-height-default elementor-section elementor-top-section\" data-id=\"c95d189\" data-element_type=\"section\">\n\t\t\t\t\t\t<div class=\"elementor-container elementor-column-gap-default\">\n\t\t\t\t<div class=\"elementor-row\">\n\t\t\t\t<div class=\"elementor-element elementor-element-237d2c6 elementor-column elementor-col-50 elementor-top-column\" data-id=\"237d2c6\" data-element_type=\"column\">\n\t\t\t<div class=\"elementor-column-wrap  elementor-element-populated\">\n\t\t\t\t\t<div class=\"elementor-widget-wrap\">\n\t\t\t\t<div class=\"elementor-element elementor-element-8ac6b5e elementor-widget elementor-widget-text-editor\" data-id=\"8ac6b5e\" data-element_type=\"widget\" data-widget_type=\"text-editor.default\">\n\t\t\t\t<div class=\"elementor-widget-container\">\n\t\t\t\t\t<div class=\"elementor-text-editor elementor-clearfix\"><h3 style=\"text-align: justify;\">Chaque ann\u00e9e, la FDSEA 35 est pr\u00e9sente \u00e0 la <span style=\"color: #134a2c;\">f\u00eate de l&rsquo;agriculture<\/span> organis\u00e9e par les Jeunes Agriculteurs d&rsquo;Ille-et-Vilaine.<\/h3><h3 style=\"text-align: justify;\">Venez rencontrer nos \u00e9lus pour \u00e9changer sur les dossiers d&rsquo;actualit\u00e9 et nos actions ! D\u00e9gustations et jeux au programme, on vous attend nombreux !<\/h3><\/div>\n\t\t\t\t<\/div>\n\t\t\t\t<\/div>\n\t\t\t\t<div class=\"elementor-element elementor-element-2716425 elementor-widget elementor-widget-image\" data-id=\"2716425\" data-element_type=\"widget\" data-widget_type=\"image.default\">\n\t\t\t\t<div class=\"elementor-widget-container\">\n\t\t\t\t\t<div class=\"elementor-image\">\n\t\t\t\t\t\t\t\t\t\t<img width=\"300\" height=\"300\" src=\"https:\/\/i1.wp.com\/www.fdsea35.fr\/wp-content\/uploads\/2023\/03\/20220820_114341-rotated.jpg?fit=300%2C300&amp;ssl=1\" class=\"attachment-medium size-medium\" alt=\"\" decoding=\"async\" loading=\"lazy\" srcset=\"https:\/\/i1.wp.com\/www.fdsea35.fr\/wp-content\/uploads\/2023\/03\/20220820_114341-rotated.jpg?w=2160&amp;ssl=1 2160w, https:\/\/i1.wp.com\/www.fdsea35.fr\/wp-content\/uploads\/2023\/03\/20220820_114341-rotated.jpg?resize=300%2C300&amp;ssl=1 300w, https:\/\/i1.wp.com\/www.fdsea35.fr\/wp-content\/uploads\/2023\/03\/20220820_114341-rotated.jpg?resize=1024%2C1024&amp;ssl=1 1024w, https:\/\/i1.wp.com\/www.fdsea35.fr\/wp-content\/uploads\/2023\/03\/20220820_114341-rotated.jpg?resize=150%2C150&amp;ssl=1 150w, https:\/\/i1.wp.com\/www.fdsea35.fr\/wp-content\/uploads\/2023\/03\/20220820_114341-rotated.jpg?resize=768%2C768&amp;ssl=1 768w, https:\/\/i1.wp.com\/www.fdsea35.fr\/wp-content\/uploads\/2023\/03\/20220820_114341-rotated.jpg?resize=1536%2C1536&amp;ssl=1 1536w, https:\/\/i1.wp.com\/www.fdsea35.fr\/wp-content\/uploads\/2023\/03\/20220820_114341-rotated.jpg?resize=2048%2C2048&amp;ssl=1 2048w\" sizes=\"(max-width: 300px) 100vw, 300px\" data-attachment-id=\"6082\" data-permalink=\"https:\/\/www.fdsea35.fr\/?attachment_id=6082\" data-orig-file=\"https:\/\/i1.wp.com\/www.fdsea35.fr\/wp-content\/uploads\/2023\/03\/20220820_114341-rotated.jpg?fit=2160%2C2160&amp;ssl=1\" data-orig-size=\"2160,2160\" data-comments-opened=\"1\" data-image-meta=\"{&quot;aperture&quot;:&quot;1.9&quot;,&quot;credit&quot;:&quot;&quot;,&quot;camera&quot;:&quot;SM-J330FN&quot;,&quot;caption&quot;:&quot;&quot;,&quot;created_timestamp&quot;:&quot;1660995821&quot;,&quot;copyright&quot;:&quot;&quot;,&quot;focal_length&quot;:&quot;3.6&quot;,&quot;iso&quot;:&quot;40&quot;,&quot;shutter_speed&quot;:&quot;0.0011286681715576&quot;,&quot;title&quot;:&quot;&quot;,&quot;orientation&quot;:&quot;1&quot;}\" data-image-title=\"20220820_114341\" data-image-description=\"\" data-medium-file=\"https:\/\/i1.wp.com\/www.fdsea35.fr\/wp-content\/uploads\/2023\/03\/20220820_114341-rotated.jpg?fit=300%2C300&amp;ssl=1\" data-large-file=\"https:\/\/i1.wp.com\/www.fdsea35.fr\/wp-content\/uploads\/2023\/03\/20220820_114341-rotated.jpg?fit=1024%2C1024&amp;ssl=1\" \/>\t\t\t\t\t\t\t\t\t\t\t<\/div>\n\t\t\t\t<\/div>\n\t\t\t\t<\/div>\n\t\t\t\t\t\t<\/div>\n\t\t\t<\/div>\n\t\t<\/div>\n\t\t\t\t<div class=\"elementor-element elementor-element-2139c13 elementor-column elementor-col-50 elementor-top-column\" data-id=\"2139c13\" data-element_type=\"column\">\n\t\t\t<div class=\"elementor-column-wrap  elementor-element-populated\">\n\t\t\t\t\t<div class=\"elementor-widget-wrap\">\n\t\t\t\t<div class=\"elementor-element elementor-element-e79f285 elementor-widget elementor-widget-text-editor\" data-id=\"e79f285\" data-element_type=\"widget\" data-widget_type=\"text-editor.default\">\n\t\t\t\t<div class=\"elementor-widget-container\">\n\t\t\t\t\t<div class=\"elementor-text-editor elementor-clearfix\"><p style=\"text-align: center;\"><span style=\"color: #df3425; font-size: 21px;\"><strong>\u00c9DITION 2025<\/strong><\/span><\/p><p style=\"text-align: center;\">Rendez-vous \u00e0 la <strong>F\u00eate de l&rsquo;agriculture<\/strong><\/p><p style=\"text-align: center;\"><span style=\"font-size: 18px;\"><span style=\"color: #134a2c;\"><b>Samedi 24 et Dimanche 24 ao\u00fbt <\/b><\/span><\/span><span style=\"font-size: 18px;\"><span style=\"color: #134a2c;\"><b>au Val &lsquo;Iz\u00e9<\/b><\/span><\/span><\/p><p style=\"text-align: center;\"><span style=\"color: #df3425;\"><a href=\"https:\/\/www.ja35.bzh\/copie-de-fete-de-l-agriculture-1\" target=\"_blank\" rel=\"noopener\"><span style=\"text-decoration: underline;\"><span style=\"color: #000000; text-decoration: underline;\">cliquez ici<\/span><\/span><\/a><b><br \/><\/b><\/span><\/p><p style=\"text-align: center;\">\u00a0<\/p><\/div>\n\t\t\t\t<\/div>\n\t\t\t\t<\/div>\n\t\t\t\t\t\t<\/div>\n\t\t\t<\/div>\n\t\t<\/div>\n\t\t\t\t\t\t<\/div>\n\t\t\t<\/div>\n\t\t<\/section>\n\t\t\t\t<section class=\"elementor-element elementor-element-61efeb1 elementor-section-boxed elementor-section-height-default elementor-section-height-default elementor-section elementor-top-section\" data-id=\"61efeb1\" data-element_type=\"section\">\n\t\t\t\t\t\t<div class=\"elementor-container elementor-column-gap-default\">\n\t\t\t\t<div class=\"elementor-row\">\n\t\t\t\t<div class=\"elementor-element elementor-element-5413f44 elementor-column elementor-col-100 elementor-top-column\" data-id=\"5413f44\" data-element_type=\"column\">\n\t\t\t<div class=\"elementor-column-wrap  elementor-element-populated\">\n\t\t\t\t\t<div class=\"elementor-widget-wrap\">\n\t\t\t\t\t\t<\/div>\n\t\t\t<\/div>\n\t\t<\/div>\n\t\t\t\t\t\t<\/div>\n\t\t\t<\/div>\n\t\t<\/section>\n\t\t\t\t<section class=\"elementor-element elementor-element-fdafc22 elementor-section-boxed elementor-section-height-default elementor-section-height-default elementor-section elementor-top-section\" data-id=\"fdafc22\" data-element_type=\"section\">\n\t\t\t\t\t\t<div class=\"elementor-container elementor-column-gap-default\">\n\t\t\t\t<div class=\"elementor-row\">\n\t\t\t\t<div class=\"elementor-element elementor-element-a60408f elementor-column elementor-col-100 elementor-top-column\" data-id=\"a60408f\" data-element_type=\"column\">\n\t\t\t<div class=\"elementor-column-wrap  elementor-element-populated\">\n\t\t\t\t\t<div class=\"elementor-widget-wrap\">\n\t\t\t\t<div class=\"elementor-element elementor-element-43ea487 elementor-arrows-position-inside elementor-pagination-position-outside elementor-widget elementor-widget-image-carousel\" data-id=\"43ea487\" data-element_type=\"widget\" data-settings=\"{&quot;navigation&quot;:&quot;both&quot;,&quot;autoplay&quot;:&quot;yes&quot;,&quot;pause_on_hover&quot;:&quot;yes&quot;,&quot;pause_on_interaction&quot;:&quot;yes&quot;,&quot;autoplay_speed&quot;:5000,&quot;infinite&quot;:&quot;yes&quot;,&quot;speed&quot;:500,&quot;direction&quot;:&quot;ltr&quot;}\" data-widget_type=\"image-carousel.default\">\n\t\t\t\t<div class=\"elementor-widget-container\">\n\t\t\t\t\t<div class=\"elementor-image-carousel-wrapper swiper-container\" dir=\"ltr\">\n\t\t\t<div class=\"elementor-image-carousel swiper-wrapper\">\n\t\t\t\t<div class=\"swiper-slide\"><figure class=\"swiper-slide-inner\"><img decoding=\"async\" class=\"swiper-slide-image\" src=\"https:\/\/i2.wp.com\/www.fdsea35.fr\/wp-content\/uploads\/2023\/03\/20220820_142018-rotated.jpg?resize=150%2C150&amp;ssl=1\" alt=\"20220820_142018\" \/><\/figure><\/div><div class=\"swiper-slide\"><figure class=\"swiper-slide-inner\"><img decoding=\"async\" class=\"swiper-slide-image\" src=\"https:\/\/i1.wp.com\/www.fdsea35.fr\/wp-content\/uploads\/2023\/03\/20220820_111650-rotated.jpg?resize=150%2C150&amp;ssl=1\" alt=\"20220820_111650\" \/><\/figure><\/div><div class=\"swiper-slide\"><figure class=\"swiper-slide-inner\"><img decoding=\"async\" class=\"swiper-slide-image\" src=\"https:\/\/i2.wp.com\/www.fdsea35.fr\/wp-content\/uploads\/2023\/03\/DSC_0096-scaled.jpg?resize=150%2C150&amp;ssl=1\" alt=\"DSC_0096\" \/><\/figure><\/div><div class=\"swiper-slide\"><figure class=\"swiper-slide-inner\"><img decoding=\"async\" class=\"swiper-slide-image\" src=\"https:\/\/i1.wp.com\/www.fdsea35.fr\/wp-content\/uploads\/2023\/03\/20220820_114434-rotated.jpg?resize=150%2C150&amp;ssl=1\" alt=\"20220820_114434\" \/><\/figure><\/div><div class=\"swiper-slide\"><figure class=\"swiper-slide-inner\"><img decoding=\"async\" class=\"swiper-slide-image\" src=\"https:\/\/i2.wp.com\/www.fdsea35.fr\/wp-content\/uploads\/2023\/03\/DSC_0112-scaled.jpg?resize=150%2C150&amp;ssl=1\" alt=\"DSC_0112\" \/><\/figure><\/div><div class=\"swiper-slide\"><figure class=\"swiper-slide-inner\"><img decoding=\"async\" class=\"swiper-slide-image\" src=\"https:\/\/i2.wp.com\/www.fdsea35.fr\/wp-content\/uploads\/2023\/03\/DSC_0105-scaled.jpg?resize=150%2C150&amp;ssl=1\" alt=\"DSC_0105\" \/><\/figure><\/div><div class=\"swiper-slide\"><figure class=\"swiper-slide-inner\"><img decoding=\"async\" class=\"swiper-slide-image\" src=\"https:\/\/i0.wp.com\/www.fdsea35.fr\/wp-content\/uploads\/2023\/03\/photo-4.png?resize=150%2C150&amp;ssl=1\" alt=\"photo 4\" \/><\/figure><\/div>\t\t\t<\/div>\n\t\t\t\t\t\t\t\t\t\t\t\t<div class=\"swiper-pagination\"><\/div>\n\t\t\t\t\t\t\t\t\t\t\t\t\t<div class=\"elementor-swiper-button elementor-swiper-button-prev\">\n\t\t\t\t\t\t<i class=\"eicon-chevron-left\" aria-hidden=\"true\"><\/i>\n\t\t\t\t\t\t<span class=\"elementor-screen-only\">Pr\u00e9c\u00e9dent<\/span>\n\t\t\t\t\t<\/div>\n\t\t\t\t\t<div class=\"elementor-swiper-button elementor-swiper-button-next\">\n\t\t\t\t\t\t<i class=\"eicon-chevron-right\" aria-hidden=\"true\"><\/i>\n\t\t\t\t\t\t<span class=\"elementor-screen-only\">Suivant<\/span>\n\t\t\t\t\t<\/div>\n\t\t\t\t\t\t\t\t\t<\/div>\n\t\t\t\t<\/div>\n\t\t\t\t<\/div>\n\t\t\t\t\t\t<\/div>\n\t\t\t<\/div>\n\t\t<\/div>\n\t\t\t\t\t\t<\/div>\n\t\t\t<\/div>\n\t\t<\/section>\n\t\t\t\t\t\t<\/div>\n\t\t\t<\/div>\n\t\t<\/div>\n\t\t","protected":false},"excerpt":{"rendered":"<p>Chaque ann\u00e9e, la FDSEA 35 est pr\u00e9sente \u00e0 la f\u00eate de l&rsquo;agriculture organis\u00e9e par les Jeunes Agriculteurs d&rsquo;Ille-et-Vilaine. Venez rencontrer nos \u00e9lus pour \u00e9changer sur les dossiers d&rsquo;actualit\u00e9 et nos actions ! D\u00e9gustations et jeux au programme, on vous attend nombreux ! \u00c9DITION 2025 Rendez-vous \u00e0 la F\u00eate de l&rsquo;agriculture Samedi 24 et Dimanche 24<br \/><a class=\"moretag\" href=\"https:\/\/www.fdsea35.fr\/?page_id=1125\">+ Lire Plus<\/a><\/p>\n","protected":false},"author":1,"featured_media":0,"parent":1116,"menu_order":0,"comment_status":"closed","ping_status":"closed","template":"","meta":{"spay_email":""},"jetpack_sharing_enabled":true,"jetpack_shortlink":"https:\/\/wp.me\/Pa44lN-i9","jetpack-related-posts":[],"_links":{"self":[{"href":"https:\/\/www.fdsea35.fr\/index.php?rest_route=\/wp\/v2\/pages\/1125"}],"collection":[{"href":"https:\/\/www.fdsea35.fr\/index.php?rest_route=\/wp\/v2\/pages"}],"about":[{"href":"https:\/\/www.fdsea35.fr\/index.php?rest_route=\/wp\/v2\/types\/page"}],"author":[{"embeddable":true,"href":"https:\/\/www.fdsea35.fr\/index.php?rest_route=\/wp\/v2\/users\/1"}],"replies":[{"embeddable":true,"href":"https:\/\/www.fdsea35.fr\/index.php?rest_route=%2Fwp%2Fv2%2Fcomments&post=1125"}],"version-history":[{"count":48,"href":"https:\/\/www.fdsea35.fr\/index.php?rest_route=\/wp\/v2\/pages\/1125\/revisions"}],"predecessor-version":[{"id":6437,"href":"https:\/\/www.fdsea35.fr\/index.php?rest_route=\/wp\/v2\/pages\/1125\/revisions\/6437"}],"up":[{"embeddable":true,"href":"https:\/\/www.fdsea35.fr\/index.php?rest_route=\/wp\/v2\/pages\/1116"}],"wp:attachment":[{"href":"https:\/\/www.fdsea35.fr\/index.php?rest_route=%2Fwp%2Fv2%2Fmedia&parent=1125"}],"curies":[{"name":"wp","href":"https:\/\/api.w.org\/{rel}","templated":true}]}}