{"id":1123,"date":"2018-06-10T18:02:35","date_gmt":"2018-06-10T16:02:35","guid":{"rendered":"http:\/\/www.fdsea35.fr\/?page_id=1123"},"modified":"2023-03-17T16:16:14","modified_gmt":"2023-03-17T15:16:14","slug":"fermes-ouvertes","status":"publish","type":"page","link":"https:\/\/www.fdsea35.fr\/?page_id=1123","title":{"rendered":"Fermes ouvertes"},"content":{"rendered":"\t\t<div data-elementor-type=\"wp-post\" data-elementor-id=\"1123\" class=\"elementor elementor-1123 elementor-bc-flex-widget\" data-elementor-settings=\"[]\">\n\t\t\t<div class=\"elementor-inner\">\n\t\t\t\t<div class=\"elementor-section-wrap\">\n\t\t\t\t\t\t\t<section class=\"elementor-element elementor-element-77b36614 elementor-section-boxed elementor-section-height-default elementor-section-height-default elementor-section elementor-top-section\" data-id=\"77b36614\" data-element_type=\"section\">\n\t\t\t\t\t\t<div class=\"elementor-container elementor-column-gap-default\">\n\t\t\t\t<div class=\"elementor-row\">\n\t\t\t\t<div class=\"elementor-element elementor-element-9b1930a elementor-column elementor-col-100 elementor-top-column\" data-id=\"9b1930a\" data-element_type=\"column\">\n\t\t\t<div class=\"elementor-column-wrap  elementor-element-populated\">\n\t\t\t\t\t<div class=\"elementor-widget-wrap\">\n\t\t\t\t<div class=\"elementor-element elementor-element-3021c17 elementor-widget elementor-widget-heading\" data-id=\"3021c17\" data-element_type=\"widget\" data-widget_type=\"heading.default\">\n\t\t\t\t<div class=\"elementor-widget-container\">\n\t\t\t<h1 class=\"elementor-heading-title elementor-size-large\">Pour montrer l'agriculture aux \u00e9l\u00e8ves<\/h1>\t\t<\/div>\n\t\t\t\t<\/div>\n\t\t\t\t<div class=\"elementor-element elementor-element-0631754 elementor-widget elementor-widget-spacer\" data-id=\"0631754\" data-element_type=\"widget\" data-widget_type=\"spacer.default\">\n\t\t\t\t<div class=\"elementor-widget-container\">\n\t\t\t\t\t<div class=\"elementor-spacer\">\n\t\t\t<div class=\"elementor-spacer-inner\"><\/div>\n\t\t<\/div>\n\t\t\t\t<\/div>\n\t\t\t\t<\/div>\n\t\t\t\t\t\t<\/div>\n\t\t\t<\/div>\n\t\t<\/div>\n\t\t\t\t\t\t<\/div>\n\t\t\t<\/div>\n\t\t<\/section>\n\t\t\t\t<section class=\"elementor-element elementor-element-8d18f8b elementor-section-boxed elementor-section-height-default elementor-section-height-default elementor-section elementor-top-section\" data-id=\"8d18f8b\" data-element_type=\"section\">\n\t\t\t\t\t\t<div class=\"elementor-container elementor-column-gap-default\">\n\t\t\t\t<div class=\"elementor-row\">\n\t\t\t\t<div class=\"elementor-element elementor-element-99b0cc7 elementor-column elementor-col-33 elementor-top-column\" data-id=\"99b0cc7\" data-element_type=\"column\">\n\t\t\t<div class=\"elementor-column-wrap  elementor-element-populated\">\n\t\t\t\t\t<div class=\"elementor-widget-wrap\">\n\t\t\t\t<div class=\"elementor-element elementor-element-889cb54 elementor-widget elementor-widget-text-editor\" data-id=\"889cb54\" data-element_type=\"widget\" data-widget_type=\"text-editor.default\">\n\t\t\t\t<div class=\"elementor-widget-container\">\n\t\t\t\t\t<div class=\"elementor-text-editor elementor-clearfix\"><p style=\"text-align: center;\"><strong><span style=\"color: #df3425;\">Contact : <\/span><\/strong><\/p><p style=\"text-align: center;\">Si vous \u00eates int\u00e9ress\u00e9s pour mettre en place une action dans votre \u00e9cole, contacter le<\/p><p style=\"text-align: center;\"><strong><span style=\"color: #134a2c;\">Service Animation<\/span><\/strong><br \/><span style=\"color: #134a2c;\">02.23.48.25.25<\/span><\/p><\/div>\n\t\t\t\t<\/div>\n\t\t\t\t<\/div>\n\t\t\t\t\t\t<\/div>\n\t\t\t<\/div>\n\t\t<\/div>\n\t\t\t\t<div class=\"elementor-element elementor-element-17fe450 elementor-column elementor-col-33 elementor-top-column\" data-id=\"17fe450\" data-element_type=\"column\">\n\t\t\t<div class=\"elementor-column-wrap  elementor-element-populated\">\n\t\t\t\t\t<div class=\"elementor-widget-wrap\">\n\t\t\t\t<div class=\"elementor-element elementor-element-c485d11 elementor-widget elementor-widget-text-editor\" data-id=\"c485d11\" data-element_type=\"widget\" data-widget_type=\"text-editor.default\">\n\t\t\t\t<div class=\"elementor-widget-container\">\n\t\t\t\t\t<div class=\"elementor-text-editor elementor-clearfix\"><p style=\"text-align: justify;\">La FNSEA m\u00e8ne depuis plus de 20 ans l\u2019op\u00e9ration <span style=\"color: #df3425;\">\u00ab\u00a0Fermes ouvertes\u00a0\u00bb<\/span> qui a pour but de faire d\u00e9couvrir, les agriculteurs et le monde rural aux classes de CM1 et de CM2. La FDSEA 35 est partenaire de l&rsquo;action.<\/p><p style=\"text-align: justify;\">Des interventions en classe et en exploitation agricole sont organis\u00e9es en lien avec le corps enseignant aupr\u00e8s des \u00e9l\u00e8ves des \u00e9coles primaires.<\/p><p style=\"text-align: justify;\">L&rsquo;objectif est de faire d\u00e9couvrir aux \u00e9l\u00e8ves, le m\u00e9tier, les productions agricoles mais aussi d&rsquo;\u00e9changer sur les pratiques agricoles directement avec les agriculteurs.<\/p><\/div>\n\t\t\t\t<\/div>\n\t\t\t\t<\/div>\n\t\t\t\t\t\t<\/div>\n\t\t\t<\/div>\n\t\t<\/div>\n\t\t\t\t<div class=\"elementor-element elementor-element-622a960 elementor-column elementor-col-33 elementor-top-column\" data-id=\"622a960\" data-element_type=\"column\">\n\t\t\t<div class=\"elementor-column-wrap  elementor-element-populated\">\n\t\t\t\t\t<div class=\"elementor-widget-wrap\">\n\t\t\t\t<div class=\"elementor-element elementor-element-b36e410 elementor-widget elementor-widget-image\" data-id=\"b36e410\" data-element_type=\"widget\" data-widget_type=\"image.default\">\n\t\t\t\t<div class=\"elementor-widget-container\">\n\t\t\t\t\t<div class=\"elementor-image\">\n\t\t\t\t\t\t\t\t\t\t<img width=\"295\" height=\"189\" src=\"https:\/\/i2.wp.com\/www.fdsea35.fr\/wp-content\/uploads\/2018\/06\/19-fermes-ouvertes.jpg?fit=295%2C189&amp;ssl=1\" class=\"attachment-large size-large\" alt=\"\" decoding=\"async\" loading=\"lazy\" data-attachment-id=\"1205\" data-permalink=\"https:\/\/www.fdsea35.fr\/?attachment_id=1205\" data-orig-file=\"https:\/\/i2.wp.com\/www.fdsea35.fr\/wp-content\/uploads\/2018\/06\/19-fermes-ouvertes.jpg?fit=295%2C189&amp;ssl=1\" data-orig-size=\"295,189\" data-comments-opened=\"1\" data-image-meta=\"{&quot;aperture&quot;:&quot;0&quot;,&quot;credit&quot;:&quot;&quot;,&quot;camera&quot;:&quot;&quot;,&quot;caption&quot;:&quot;&quot;,&quot;created_timestamp&quot;:&quot;0&quot;,&quot;copyright&quot;:&quot;&quot;,&quot;focal_length&quot;:&quot;0&quot;,&quot;iso&quot;:&quot;0&quot;,&quot;shutter_speed&quot;:&quot;0&quot;,&quot;title&quot;:&quot;&quot;,&quot;orientation&quot;:&quot;0&quot;}\" data-image-title=\"19-fermes ouvertes\" data-image-description=\"\" data-medium-file=\"https:\/\/i2.wp.com\/www.fdsea35.fr\/wp-content\/uploads\/2018\/06\/19-fermes-ouvertes.jpg?fit=295%2C189&amp;ssl=1\" data-large-file=\"https:\/\/i2.wp.com\/www.fdsea35.fr\/wp-content\/uploads\/2018\/06\/19-fermes-ouvertes.jpg?fit=295%2C189&amp;ssl=1\" \/>\t\t\t\t\t\t\t\t\t\t\t<\/div>\n\t\t\t\t<\/div>\n\t\t\t\t<\/div>\n\t\t\t\t\t\t<\/div>\n\t\t\t<\/div>\n\t\t<\/div>\n\t\t\t\t\t\t<\/div>\n\t\t\t<\/div>\n\t\t<\/section>\n\t\t\t\t<section class=\"elementor-element elementor-element-18b545e elementor-section-boxed elementor-section-height-default elementor-section-height-default elementor-section elementor-top-section\" data-id=\"18b545e\" data-element_type=\"section\">\n\t\t\t\t\t\t<div class=\"elementor-container elementor-column-gap-default\">\n\t\t\t\t<div class=\"elementor-row\">\n\t\t\t\t<div class=\"elementor-element elementor-element-19e9c29 elementor-column elementor-col-100 elementor-top-column\" data-id=\"19e9c29\" data-element_type=\"column\">\n\t\t\t<div class=\"elementor-column-wrap  elementor-element-populated\">\n\t\t\t\t\t<div class=\"elementor-widget-wrap\">\n\t\t\t\t<div class=\"elementor-element elementor-element-d10b008 elementor-widget elementor-widget-spacer\" data-id=\"d10b008\" data-element_type=\"widget\" data-widget_type=\"spacer.default\">\n\t\t\t\t<div class=\"elementor-widget-container\">\n\t\t\t\t\t<div class=\"elementor-spacer\">\n\t\t\t<div class=\"elementor-spacer-inner\"><\/div>\n\t\t<\/div>\n\t\t\t\t<\/div>\n\t\t\t\t<\/div>\n\t\t\t\t\t\t<\/div>\n\t\t\t<\/div>\n\t\t<\/div>\n\t\t\t\t\t\t<\/div>\n\t\t\t<\/div>\n\t\t<\/section>\n\t\t\t\t<section class=\"elementor-element elementor-element-0132c15 elementor-section-boxed elementor-section-height-default elementor-section-height-default elementor-section elementor-top-section\" data-id=\"0132c15\" data-element_type=\"section\">\n\t\t\t\t\t\t<div class=\"elementor-container elementor-column-gap-narrow\">\n\t\t\t\t<div class=\"elementor-row\">\n\t\t\t\t<div class=\"elementor-element elementor-element-b902bb4 elementor-column elementor-col-50 elementor-top-column\" data-id=\"b902bb4\" data-element_type=\"column\">\n\t\t\t<div class=\"elementor-column-wrap  elementor-element-populated\">\n\t\t\t\t\t<div class=\"elementor-widget-wrap\">\n\t\t\t\t<div class=\"elementor-element elementor-element-a593a71 elementor-widget elementor-widget-spacer\" data-id=\"a593a71\" data-element_type=\"widget\" data-widget_type=\"spacer.default\">\n\t\t\t\t<div class=\"elementor-widget-container\">\n\t\t\t\t\t<div class=\"elementor-spacer\">\n\t\t\t<div class=\"elementor-spacer-inner\"><\/div>\n\t\t<\/div>\n\t\t\t\t<\/div>\n\t\t\t\t<\/div>\n\t\t\t\t<div class=\"elementor-element elementor-element-387f3cb elementor-arrows-position-inside elementor-widget elementor-widget-image-carousel\" data-id=\"387f3cb\" data-element_type=\"widget\" data-settings=\"{&quot;slides_to_show&quot;:&quot;3&quot;,&quot;navigation&quot;:&quot;arrows&quot;,&quot;autoplay&quot;:&quot;yes&quot;,&quot;pause_on_hover&quot;:&quot;yes&quot;,&quot;pause_on_interaction&quot;:&quot;yes&quot;,&quot;autoplay_speed&quot;:5000,&quot;infinite&quot;:&quot;yes&quot;,&quot;speed&quot;:500,&quot;direction&quot;:&quot;ltr&quot;}\" data-widget_type=\"image-carousel.default\">\n\t\t\t\t<div class=\"elementor-widget-container\">\n\t\t\t\t\t<div class=\"elementor-image-carousel-wrapper swiper-container\" dir=\"ltr\">\n\t\t\t<div class=\"elementor-image-carousel swiper-wrapper\">\n\t\t\t\t<div class=\"swiper-slide\"><figure class=\"swiper-slide-inner\"><img decoding=\"async\" class=\"swiper-slide-image\" src=\"https:\/\/i0.wp.com\/www.fdsea35.fr\/wp-content\/uploads\/2018\/06\/19-fermes-ouvertes-5.jpg?resize=150%2C150&amp;ssl=1\" alt=\"19-fermes ouvertes (5)\" \/><\/figure><\/div><div class=\"swiper-slide\"><figure class=\"swiper-slide-inner\"><img decoding=\"async\" class=\"swiper-slide-image\" src=\"https:\/\/i2.wp.com\/www.fdsea35.fr\/wp-content\/uploads\/2018\/06\/19-fermes-ouvertes-3.jpg?resize=150%2C150&amp;ssl=1\" alt=\"19-fermes ouvertes (3)\" \/><\/figure><\/div><div class=\"swiper-slide\"><figure class=\"swiper-slide-inner\"><img decoding=\"async\" class=\"swiper-slide-image\" src=\"https:\/\/i1.wp.com\/www.fdsea35.fr\/wp-content\/uploads\/2018\/06\/19-fermes-ouvertes-4.jpg?resize=150%2C150&amp;ssl=1\" alt=\"19-fermes ouvertes (4)\" \/><\/figure><\/div><div class=\"swiper-slide\"><figure class=\"swiper-slide-inner\"><img decoding=\"async\" class=\"swiper-slide-image\" src=\"https:\/\/i1.wp.com\/www.fdsea35.fr\/wp-content\/uploads\/2018\/06\/19-fermes-ouvertes-1.jpg?resize=150%2C150&amp;ssl=1\" alt=\"19-fermes ouvertes (1)\" \/><\/figure><\/div><div class=\"swiper-slide\"><figure class=\"swiper-slide-inner\"><img decoding=\"async\" class=\"swiper-slide-image\" src=\"https:\/\/i1.wp.com\/www.fdsea35.fr\/wp-content\/uploads\/2018\/06\/19-fermes-ouvertes-2.jpg?resize=150%2C150&amp;ssl=1\" alt=\"19-fermes ouvertes (2)\" \/><\/figure><\/div>\t\t\t<\/div>\n\t\t\t\t\t\t\t\t\t\t\t\t\t\t\t\t<div class=\"elementor-swiper-button elementor-swiper-button-prev\">\n\t\t\t\t\t\t<i class=\"eicon-chevron-left\" aria-hidden=\"true\"><\/i>\n\t\t\t\t\t\t<span class=\"elementor-screen-only\">Pr\u00e9c\u00e9dent<\/span>\n\t\t\t\t\t<\/div>\n\t\t\t\t\t<div class=\"elementor-swiper-button elementor-swiper-button-next\">\n\t\t\t\t\t\t<i class=\"eicon-chevron-right\" aria-hidden=\"true\"><\/i>\n\t\t\t\t\t\t<span class=\"elementor-screen-only\">Suivant<\/span>\n\t\t\t\t\t<\/div>\n\t\t\t\t\t\t\t\t\t<\/div>\n\t\t\t\t<\/div>\n\t\t\t\t<\/div>\n\t\t\t\t\t\t<\/div>\n\t\t\t<\/div>\n\t\t<\/div>\n\t\t\t\t<div class=\"elementor-element elementor-element-2dd7ca7d elementor-column elementor-col-50 elementor-top-column\" data-id=\"2dd7ca7d\" data-element_type=\"column\">\n\t\t\t<div class=\"elementor-column-wrap  elementor-element-populated\">\n\t\t\t\t\t<div class=\"elementor-widget-wrap\">\n\t\t\t\t<div class=\"elementor-element elementor-element-3586430f elementor-widget elementor-widget-text-editor\" data-id=\"3586430f\" data-element_type=\"widget\" data-widget_type=\"text-editor.default\">\n\t\t\t\t<div class=\"elementor-widget-container\">\n\t\t\t\t\t<div class=\"elementor-text-editor elementor-clearfix\"><h1 style=\"text-align: center;\"><span style=\"color: #134a2c;\">Des \u00e9l\u00e8ves au SPACE<\/span><\/h1><p style=\"text-align: justify;\">En septembre de chaque ann\u00e9e, nous accompagnons \u00e9galement une \u00e9cole primaire au SPACE (salon professionnel agricole) pour faire d\u00e9couvrir les diff\u00e9rentes facettes du monde agricole.<\/p><p style=\"text-align: justify;\">Sur une journ\u00e9e, nous d\u00e9ambulons dans les diff\u00e9rents stands du salon avec une intervention des professionnels sur le mat\u00e9riel agricole, les animaux&#8230;.<\/p><\/div>\n\t\t\t\t<\/div>\n\t\t\t\t<\/div>\n\t\t\t\t\t\t<\/div>\n\t\t\t<\/div>\n\t\t<\/div>\n\t\t\t\t\t\t<\/div>\n\t\t\t<\/div>\n\t\t<\/section>\n\t\t\t\t<section class=\"elementor-element elementor-element-773fa00 elementor-section-boxed elementor-section-height-default elementor-section-height-default elementor-section elementor-top-section\" data-id=\"773fa00\" data-element_type=\"section\">\n\t\t\t\t\t\t<div class=\"elementor-container elementor-column-gap-default\">\n\t\t\t\t<div class=\"elementor-row\">\n\t\t\t\t<div class=\"elementor-element elementor-element-61c6efe elementor-column elementor-col-100 elementor-top-column\" data-id=\"61c6efe\" data-element_type=\"column\">\n\t\t\t<div class=\"elementor-column-wrap\">\n\t\t\t\t\t<div class=\"elementor-widget-wrap\">\n\t\t\t\t\t\t<\/div>\n\t\t\t<\/div>\n\t\t<\/div>\n\t\t\t\t\t\t<\/div>\n\t\t\t<\/div>\n\t\t<\/section>\n\t\t\t\t\t\t<\/div>\n\t\t\t<\/div>\n\t\t<\/div>\n\t\t","protected":false},"excerpt":{"rendered":"<p>Pour montrer l&rsquo;agriculture aux \u00e9l\u00e8ves Contact : Si vous \u00eates int\u00e9ress\u00e9s pour mettre en place une action dans votre \u00e9cole, contacter le Service Animation 02.23.48.25.25 La FNSEA m\u00e8ne depuis plus de 20 ans l\u2019op\u00e9ration \u00ab&nbsp;Fermes ouvertes&nbsp;\u00bb qui a pour but de faire d\u00e9couvrir, les agriculteurs et le monde rural aux classes de CM1 et de<br \/><a class=\"moretag\" href=\"https:\/\/www.fdsea35.fr\/?page_id=1123\">+ Lire Plus<\/a><\/p>\n","protected":false},"author":1,"featured_media":0,"parent":1116,"menu_order":0,"comment_status":"closed","ping_status":"closed","template":"","meta":{"spay_email":""},"jetpack_sharing_enabled":true,"jetpack_shortlink":"https:\/\/wp.me\/Pa44lN-i7","jetpack-related-posts":[],"_links":{"self":[{"href":"https:\/\/www.fdsea35.fr\/index.php?rest_route=\/wp\/v2\/pages\/1123"}],"collection":[{"href":"https:\/\/www.fdsea35.fr\/index.php?rest_route=\/wp\/v2\/pages"}],"about":[{"href":"https:\/\/www.fdsea35.fr\/index.php?rest_route=\/wp\/v2\/types\/page"}],"author":[{"embeddable":true,"href":"https:\/\/www.fdsea35.fr\/index.php?rest_route=\/wp\/v2\/users\/1"}],"replies":[{"embeddable":true,"href":"https:\/\/www.fdsea35.fr\/index.php?rest_route=%2Fwp%2Fv2%2Fcomments&post=1123"}],"version-history":[{"count":18,"href":"https:\/\/www.fdsea35.fr\/index.php?rest_route=\/wp\/v2\/pages\/1123\/revisions"}],"predecessor-version":[{"id":6118,"href":"https:\/\/www.fdsea35.fr\/index.php?rest_route=\/wp\/v2\/pages\/1123\/revisions\/6118"}],"up":[{"embeddable":true,"href":"https:\/\/www.fdsea35.fr\/index.php?rest_route=\/wp\/v2\/pages\/1116"}],"wp:attachment":[{"href":"https:\/\/www.fdsea35.fr\/index.php?rest_route=%2Fwp%2Fv2%2Fmedia&parent=1123"}],"curies":[{"name":"wp","href":"https:\/\/api.w.org\/{rel}","templated":true}]}}