{"id":116,"date":"2017-07-13T10:56:50","date_gmt":"2017-07-13T10:56:50","guid":{"rendered":"http:\/\/www.fdsea56.fr\/?page_id=116"},"modified":"2018-10-09T14:03:19","modified_gmt":"2018-10-09T12:03:19","slug":"missions","status":"publish","type":"page","link":"http:\/\/www.fdsea35.fr\/?page_id=116","title":{"rendered":"Missions"},"content":{"rendered":"<p style=\"text-align: justify;\">Au quotidien, la FDSEA assure les missions suivantes :<\/p>\n<p>&nbsp;<\/p>\n<ul>\n<li style=\"text-align: justify;\"><span style=\"color: #134a2c; font-size: 21px;\"><strong>La repr\u00e9sentation\u00a0des agriculteurs : exprimer les aspirations et probl\u00e9matiques des agriculteurs<\/strong><\/span><img data-attachment-id=\"1144\" data-permalink=\"http:\/\/www.fdsea35.fr\/?attachment_id=1144\" data-orig-file=\"https:\/\/i1.wp.com\/www.fdsea35.fr\/wp-content\/uploads\/2018\/06\/6-photo-illustration-prefecture.jpg?fit=640%2C480\" data-orig-size=\"640,480\" data-comments-opened=\"1\" data-image-meta=\"{&quot;aperture&quot;:&quot;0&quot;,&quot;credit&quot;:&quot;&quot;,&quot;camera&quot;:&quot;&quot;,&quot;caption&quot;:&quot;&quot;,&quot;created_timestamp&quot;:&quot;0&quot;,&quot;copyright&quot;:&quot;&quot;,&quot;focal_length&quot;:&quot;0&quot;,&quot;iso&quot;:&quot;0&quot;,&quot;shutter_speed&quot;:&quot;0&quot;,&quot;title&quot;:&quot;&quot;,&quot;orientation&quot;:&quot;0&quot;}\" data-image-title=\"6- photo illustration prefecture\" data-image-description=\"\" data-medium-file=\"https:\/\/i1.wp.com\/www.fdsea35.fr\/wp-content\/uploads\/2018\/06\/6-photo-illustration-prefecture.jpg?fit=300%2C225\" data-large-file=\"https:\/\/i1.wp.com\/www.fdsea35.fr\/wp-content\/uploads\/2018\/06\/6-photo-illustration-prefecture.jpg?fit=640%2C480\" decoding=\"async\" loading=\"lazy\" class=\" wp-image-1144 alignright\" src=\"https:\/\/i1.wp.com\/www.fdsea35.fr\/wp-content\/uploads\/2018\/06\/6-photo-illustration-prefecture.jpg?resize=250%2C187\" alt=\"\" width=\"250\" height=\"187\" srcset=\"https:\/\/i1.wp.com\/www.fdsea35.fr\/wp-content\/uploads\/2018\/06\/6-photo-illustration-prefecture.jpg?w=640 640w, https:\/\/i1.wp.com\/www.fdsea35.fr\/wp-content\/uploads\/2018\/06\/6-photo-illustration-prefecture.jpg?resize=300%2C225 300w\" sizes=\"(max-width: 250px) 100vw, 250px\" data-recalc-dims=\"1\" \/><\/li>\n<\/ul>\n<p style=\"text-align: justify;\">La FDSEA assure la repr\u00e9sentation des agricultrices et agriculteurs aupr\u00e8s de l\u2019administration, des organisations professionnelles agricoles, des\u00a0\u00e9lus, des autres cat\u00e9gories socio-professionnelles.<\/p>\n<p style=\"text-align: justify;\">Elle est ainsi repr\u00e9sent\u00e9e par ses responsables \u00e9lus ou d\u00e9sign\u00e9s dans\u00a0de nombreuses commissions, instances et organismes. Ce r\u00f4le est particuli\u00e8rement exigeant en temps et en connaissance des dossiers. Elle n\u00e9cessite avant tout de conna\u00eetre et d\u2019exprimer les aspirations et probl\u00e9matiques des agricultrices et agriculteurs. L\u2019organisation locale et la forte implantation sur le terrain de la FDSEA permet cette connaissance.<\/p>\n<p>&nbsp;<\/p>\n<ul>\n<li><span style=\"color: #134a2c; font-size: 21px;\"><strong>La repr\u00e9sentation des employeurs agricoles<\/strong><\/span><\/li>\n<\/ul>\n<p>Le Haut Conseil du dialogue social s\u2019est r\u00e9uni le 19 juillet 2017 pour d\u00e9terminer, d\u2019une part la repr\u00e9sentativit\u00e9 des organisations professionnelles dans les branches, dont la branche de la production agricole, et d\u2019autre part leur repr\u00e9sentativit\u00e9 au niveau national et multi-professionnel.<br \/>\nIl en ressort deux r\u00e9sultats qui vont permettre aux employeurs agricoles de faire entendre leur voix :<\/p>\n<p>&#8211; d\u2019une part, la FNSEA est reconnue unique organisation repr\u00e9sentative des employeurs de la branche de la production agricole,<br \/>\n&#8211; et d\u2019autre part, la FNSEA est reconnue organisation nationale multi-professionnelle.<\/p>\n<p style=\"text-align: justify;\">Ces reconnaissances sont le r\u00e9sultat de nombreuses ann\u00e9es d\u2019investissement et d\u2019engagement de la FNSEA pour la d\u00e9fense de l\u2019emploi en agriculture, rendre le dialogue social agricole r\u00e9actif et efficace et promouvoir nos m\u00e9tiers. Elles nous donnent des droits mais aussi des devoirs que nous comptons bien assumer pleinement pour maintenir l\u2019agriculture au c\u0153ur de l\u2019emploi.<br \/>\nConcr\u00e8tement, cela permet \u00e0 la FNSEA de repr\u00e9senter l\u2019agriculture au sein de toutes les instances institutionnelles et paritaires et d\u2019animer un dialogue social national et territorial, pour permettre aux employeurs agricoles de travailler dans les meilleures conditions et aux salari\u00e9s de pouvoir dialoguer et construire avec une organisation responsable.<\/p>\n<p>&nbsp;<\/p>\n<ul>\n<li><span style=\"color: #134a2c; font-size: 21px;\"><strong><span style=\"font-family: 'Open Sans';\">La revendication\u00a0: faire valoir les int\u00e9r\u00eats de la profession<\/span><\/strong><\/span><\/li>\n<\/ul>\n<p style=\"text-align: justify;\"><span style=\"font-family: 'Open Sans';\">La FDSEA cherche \u00e0 faire valoir les int\u00e9r\u00eats sp\u00e9cifiques de la profession agricoles aupr\u00e8s de tous ses interlocuteurs, que ce soit l\u2019administration, les \u00e9lus ou les partenaires \u00e9conomiques. Ses grands axes de revendication\u00a0sont:<br \/>\n&#8211; La d\u00e9fense des hommes et des femmes \u00e0 travers la d\u00e9fense du revenu, de l\u2019installation, de l\u2019emploi et la valorisation du m\u00e9tier<br \/>\n&#8211; La d\u00e9fense des productions en confortant des fili\u00e8res fortes et organis\u00e9es, en favorisant un juste retour de la valeur ajout\u00e9e aux producteurs et en communiquant vers le consommateur<br \/>\n&#8211; La d\u00e9fense du territoire et le maintien d\u2019une activit\u00e9 agricole sur l\u2019ensemble du d\u00e9partement, essentielle pour le d\u00e9veloppement local.<img data-attachment-id=\"1146\" data-permalink=\"http:\/\/www.fdsea35.fr\/?attachment_id=1146\" data-orig-file=\"https:\/\/i2.wp.com\/www.fdsea35.fr\/wp-content\/uploads\/2018\/06\/6-photo-illustration.jpg?fit=4320%2C3240\" data-orig-size=\"4320,3240\" data-comments-opened=\"1\" data-image-meta=\"{&quot;aperture&quot;:&quot;3.3&quot;,&quot;credit&quot;:&quot;&quot;,&quot;camera&quot;:&quot;SAMSUNG PL210, PL211 \\\/ VLUU PL210, PL211&quot;,&quot;caption&quot;:&quot;&quot;,&quot;created_timestamp&quot;:&quot;1435875405&quot;,&quot;copyright&quot;:&quot;COPYRIGHT, 2011&quot;,&quot;focal_length&quot;:&quot;4.9&quot;,&quot;iso&quot;:&quot;100&quot;,&quot;shutter_speed&quot;:&quot;0.033333333333333&quot;,&quot;title&quot;:&quot;&quot;,&quot;orientation&quot;:&quot;1&quot;}\" data-image-title=\"6-photo illustration\" data-image-description=\"\" data-medium-file=\"https:\/\/i2.wp.com\/www.fdsea35.fr\/wp-content\/uploads\/2018\/06\/6-photo-illustration.jpg?fit=300%2C225\" data-large-file=\"https:\/\/i2.wp.com\/www.fdsea35.fr\/wp-content\/uploads\/2018\/06\/6-photo-illustration.jpg?fit=1024%2C768\" decoding=\"async\" loading=\"lazy\" class=\" wp-image-1146 alignright\" src=\"https:\/\/i2.wp.com\/www.fdsea35.fr\/wp-content\/uploads\/2018\/06\/6-photo-illustration.jpg?resize=263%2C225\" alt=\"\" width=\"263\" height=\"225\" srcset=\"https:\/\/i2.wp.com\/www.fdsea35.fr\/wp-content\/uploads\/2018\/06\/6-photo-illustration.jpg?zoom=2&amp;resize=263%2C225 526w, https:\/\/i2.wp.com\/www.fdsea35.fr\/wp-content\/uploads\/2018\/06\/6-photo-illustration.jpg?zoom=3&amp;resize=263%2C225 789w\" sizes=\"(max-width: 263px) 100vw, 263px\" data-recalc-dims=\"1\" \/><\/span><\/p>\n<p>La gr\u00e8ve, largement utilis\u00e9e comme moyen de pression parmi le monde salari\u00e9, ne peut constituer un moyen de revendication appropri\u00e9 pour les agriculteurs : soins aux animaux et travaux aux champs ne peuvent attendre\u00a0! La FDSEA et son r\u00e9seau privil\u00e9gient donc d\u2019autres formes d\u2019actions : lobbying, op\u00e9rations m\u00e9diatiques, n\u00e9gociations avec les organisations \u00e9conomiques ou l\u2019administration, mais aussi les in\u00e9vitables manifestations, pas toujours populaires dans l\u2019opinion publique, mais qui peuvent apporter en dernier recours du poids \u00e0 la profession dans les n\u00e9goci<span style=\"text-align: justify;\">ations.\u00a0<\/span><\/p>\n<p>&nbsp;<\/p>\n<ul>\n<li><span style=\"color: #134a2c; font-size: 21px;\"><strong>La concertation pour proposer <\/strong><\/span><\/li>\n<\/ul>\n<p style=\"text-align: justify;\">La FDSEA d\u00e9nonce les injustices et les non-sens auxquels sont expos\u00e9s les agriculteurs et agricultrices, mais elle s\u2019impose aussi d\u2019\u00eatre un syndicat de propositions et de solutions.<br \/>\nLa FDSEA est au carrefour des productions, des petites r\u00e9gions agricoles du d\u00e9partement, des diff\u00e9rents types d\u2019exploitations avec leurs r\u00e9alit\u00e9s sp\u00e9cifiques. Le Conseil d\u2019administration, les sections et commissions, les syndicats locaux sont des lieux de d\u00e9bat privil\u00e9gi\u00e9s o\u00f9 se c\u00f4toient l\u2019\u00e9leveur et le c\u00e9r\u00e9alier, le jeune agriculteur et son a\u00een\u00e9 \u00e0 la t\u00eate de son exploitation depuis de nombreuses ann\u00e9es, le producteur en vente directe et celui qui vend \u00e0 un interm\u00e9diaire, l\u2019agriculteur en production biologique et l\u2019agriculteur conventionnel.<br \/>\nGr\u00e2ce \u00e0 cette richesse, aux r\u00e9unions organis\u00e9es dans les cantons, dans les sections ou commissions ou au d\u00e9partement, la FDSEA formule des propositions, des revendications, synth\u00e8ses des int\u00e9r\u00eats, parfois contradictoires, des agriculteurs du d\u00e9partement. L\u2019objectif \u00e9tant de faire progresser collectivement la situation des agriculteurs et l\u2019agriculture sur le territoire.<\/p>\n<p>&nbsp;<\/p>\n<ul>\n<li><span style=\"color: #134a2c; font-size: 21px;\"><strong>L\u2019animation\u00a0: un r\u00e9seau implant\u00e9 sur le territoire<\/strong><\/span><\/li>\n<\/ul>\n<p style=\"text-align: justify;\">La FDSEA participe \u00e0 l\u2019animation du territoire gr\u00e2ce \u00e0 la vie de ses syndicats locaux et cantonaux. Elle organise des r\u00e9unions, fait \u00e9merger des id\u00e9es, porte des projets ou participe \u00e0 des manifestations en relation avec des partenaires locaux.<\/p>\n<p>&nbsp;<\/p>\n<ul>\n<li><span style=\"color: #134a2c; font-size: 21px;\"><strong>L\u2019information et la communication<\/strong><\/span><img data-attachment-id=\"1164\" data-permalink=\"http:\/\/www.fdsea35.fr\/?attachment_id=1164\" data-orig-file=\"https:\/\/i0.wp.com\/www.fdsea35.fr\/wp-content\/uploads\/2018\/06\/6-lettre-hebdo-FDSEA.jpg?fit=747%2C340\" data-orig-size=\"747,340\" data-comments-opened=\"1\" data-image-meta=\"{&quot;aperture&quot;:&quot;0&quot;,&quot;credit&quot;:&quot;Aur\\u00e9lie CHAPEAU&quot;,&quot;camera&quot;:&quot;&quot;,&quot;caption&quot;:&quot;&quot;,&quot;created_timestamp&quot;:&quot;0&quot;,&quot;copyright&quot;:&quot;&quot;,&quot;focal_length&quot;:&quot;0&quot;,&quot;iso&quot;:&quot;0&quot;,&quot;shutter_speed&quot;:&quot;0&quot;,&quot;title&quot;:&quot;&quot;,&quot;orientation&quot;:&quot;0&quot;}\" data-image-title=\"6-lettre hebdo FDSEA\" data-image-description=\"\" data-medium-file=\"https:\/\/i0.wp.com\/www.fdsea35.fr\/wp-content\/uploads\/2018\/06\/6-lettre-hebdo-FDSEA.jpg?fit=300%2C137\" data-large-file=\"https:\/\/i0.wp.com\/www.fdsea35.fr\/wp-content\/uploads\/2018\/06\/6-lettre-hebdo-FDSEA.jpg?fit=747%2C340\" decoding=\"async\" loading=\"lazy\" class=\"wp-image-1164 alignright\" src=\"https:\/\/i0.wp.com\/www.fdsea35.fr\/wp-content\/uploads\/2018\/06\/6-lettre-hebdo-FDSEA.jpg?resize=383%2C174\" alt=\"\" width=\"383\" height=\"174\" srcset=\"https:\/\/i0.wp.com\/www.fdsea35.fr\/wp-content\/uploads\/2018\/06\/6-lettre-hebdo-FDSEA.jpg?w=747 747w, https:\/\/i0.wp.com\/www.fdsea35.fr\/wp-content\/uploads\/2018\/06\/6-lettre-hebdo-FDSEA.jpg?resize=300%2C137 300w\" sizes=\"(max-width: 383px) 100vw, 383px\" data-recalc-dims=\"1\" \/><\/li>\n<\/ul>\n<p style=\"text-align: justify;\">La lettre hebdomadaire aux adh\u00e9rents , les communiqu\u00e9s de presse, les mails et SMS, les r\u00e9unions, les r\u00e9seaux sociaux permettent d\u2019apporter des informations fra\u00eeches sur l\u2019actualit\u00e9 syndicale et sur tous les sujets qui touchent l\u2019agriculture.<br \/>\nLa FDSEA communique \u00e9galement vers le grand public afin de promouvoir l\u2019agriculture et les produits agricoles (les rencontres \u00e0 la ferme, fermes ouvertes, made in viande&#8230;) et d\u2019informer le grand public et les \u00e9lus sur la situation de l\u2019agriculture dans le d\u00e9partement.<\/p>\n<p>&nbsp;<\/p>\n<ul>\n<li><span style=\"color: #134a2c; font-size: 21px;\"><strong>D\u00e9velopper des services pour les adh\u00e9rents<\/strong><\/span><\/li>\n<\/ul>\n<p style=\"text-align: justify;\">La FDSEA s&rsquo;est dot\u00e9e de services pour accompagner ses adh\u00e9rents, dans l\u2019objectif de mieux les d\u00e9fendre et de limiter les charges sur les exploitations\u00a0:<br \/>\nLe <span style=\"color: #df3425;\"><strong>service syndical<\/strong><\/span> est au c\u0153ur de la d\u00e9fense individuelle afin d&rsquo;aider les exploitants et de chercher \u00e0 r\u00e9pondre \u00e0 leurs sollicitations les plus diverses \u2013 ex lors de contr\u00f4les, de conflits, de probl\u00e8mes li\u00e9s \u00e0 des d\u00e9g\u00e2ts de gibiers, de questionnements li\u00e9s \u00e0 l\u2019environnement, \u00e0 la d\u00e9claration PAC, aux demandes d\u2019autorisations d\u2019exploiter&#8230;<br \/>\nLe <span style=\"color: #df3425;\"><strong>service juridique<\/strong><\/span> apporte informations et conseils \u00e0 ses adh\u00e9rents dans des domaines aussi divers que le droit rural, le droit social, le droit du travail, l\u2019hygi\u00e8ne et la s\u00e9curit\u00e9&#8230;<br \/>\nLe <span style=\"color: #df3425;\"><strong>service aux employeurs<\/strong><\/span> avec notamment le service paie qui permet de b\u00e9n\u00e9ficier d\u2019une prestation cl\u00e9 en main bulletin de paie- d\u00e9clarations sociales \u00e0 tarif tr\u00e8s comp\u00e9titif pour les employeurs de main d\u2019\u0153uvre.<br \/>\nLe <span style=\"color: #df3425;\"><strong>service pr\u00e9vention des difficult\u00e9s<\/strong><\/span> a \u00e9t\u00e9 mis en place afin de pr\u00e9venir, anticiper, conseiller ou accompagner les difficult\u00e9s des exploitants.<br \/>\nDes <span style=\"color: #df3425;\"><strong>commandes group\u00e9es<\/strong><\/span>\u00a0sont propos\u00e9es aux adh\u00e9rents. Ponctuellement, d\u2019autres offres peuvent \u00eatre propos\u00e9es \u00e0 l\u2019initiative des adh\u00e9rents (exemple : commande de paille&#8230;).<\/p>\n<p>&nbsp;<\/p>\n<p style=\"text-align: justify;\">\n","protected":false},"excerpt":{"rendered":"<p>Au quotidien, la FDSEA assure les missions suivantes : &nbsp; La repr\u00e9sentation\u00a0des agriculteurs : exprimer les aspirations et probl\u00e9matiques des agriculteurs La FDSEA assure la repr\u00e9sentation des agricultrices et agriculteurs aupr\u00e8s de l\u2019administration, des organisations professionnelles agricoles, des\u00a0\u00e9lus, des autres cat\u00e9gories socio-professionnelles. Elle est ainsi repr\u00e9sent\u00e9e par ses responsables \u00e9lus ou d\u00e9sign\u00e9s dans\u00a0de nombreuses commissions,<br \/><a class=\"moretag\" href=\"http:\/\/www.fdsea35.fr\/?page_id=116\">+ Lire Plus<\/a><\/p>\n","protected":false},"author":1,"featured_media":0,"parent":0,"menu_order":0,"comment_status":"closed","ping_status":"closed","template":"template_parts\/page-fullwidth_template.php","meta":{"spay_email":""},"jetpack_sharing_enabled":true,"jetpack_shortlink":"https:\/\/wp.me\/Pa44lN-1S","jetpack-related-posts":[],"_links":{"self":[{"href":"http:\/\/www.fdsea35.fr\/index.php?rest_route=\/wp\/v2\/pages\/116"}],"collection":[{"href":"http:\/\/www.fdsea35.fr\/index.php?rest_route=\/wp\/v2\/pages"}],"about":[{"href":"http:\/\/www.fdsea35.fr\/index.php?rest_route=\/wp\/v2\/types\/page"}],"author":[{"embeddable":true,"href":"http:\/\/www.fdsea35.fr\/index.php?rest_route=\/wp\/v2\/users\/1"}],"replies":[{"embeddable":true,"href":"http:\/\/www.fdsea35.fr\/index.php?rest_route=%2Fwp%2Fv2%2Fcomments&post=116"}],"version-history":[{"count":10,"href":"http:\/\/www.fdsea35.fr\/index.php?rest_route=\/wp\/v2\/pages\/116\/revisions"}],"predecessor-version":[{"id":2315,"href":"http:\/\/www.fdsea35.fr\/index.php?rest_route=\/wp\/v2\/pages\/116\/revisions\/2315"}],"wp:attachment":[{"href":"http:\/\/www.fdsea35.fr\/index.php?rest_route=%2Fwp%2Fv2%2Fmedia&parent=116"}],"curies":[{"name":"wp","href":"https:\/\/api.w.org\/{rel}","templated":true}]}}